{"id":6852,"date":"2025-08-31T10:26:50","date_gmt":"2025-08-31T10:26:50","guid":{"rendered":"https:\/\/cafeandino.es\/producto\/peru-organic-1-kg\/"},"modified":"2025-08-31T10:26:50","modified_gmt":"2025-08-31T10:26:50","slug":"peru-organic-1-kg","status":"publish","type":"product","link":"https:\/\/cafeandino.es\/en\/producto\/peru-organic-1-kg\/","title":{"rendered":"Per\u00fa Organic 1 Kg"},"content":{"rendered":"","protected":false},"excerpt":{"rendered":"<p>Get ready, because this coffee is one of those that conquer you from the very first sip\u2026 and never let you forget it.<\/p>\n<p>100% Organic<\/p>\n<p>Peruvian beans stand out thanks to the diverse topographies where they are cultivated\u2014mountains, jungle, and valleys\u2014that give rise to a wide range of aromas and flavors.<\/p>\n<p>A coffee with great intensity, featuring citrus notes and a cocoa\u2013chocolate base. Its long-lasting aftertaste recalls hazelnut and orange, with a bright acidity and a very smooth, medium-lasting body. <\/p>\n<p>Altitude<br \/>\n1300-1600 m<\/p>\n<p>Region<br \/>\nChanchamayo, Villa Rica<\/p>\n<p>Varieties<br \/>\nTypica, Caturra<\/p>\n<p>Process<br \/>\nWashed<\/p>\n","protected":false},"featured_media":6817,"comment_status":"open","ping_status":"closed","template":"","meta":{"_joinchat":[]},"product_brand":[],"product_cat":[131,127],"product_tag":[],"class_list":{"0":"post-6852","1":"product","2":"type-product","3":"status-publish","4":"has-post-thumbnail","6":"product_cat-peru-en","7":"product_cat-uncategorized-en","9":"first","10":"instock","11":"taxable","12":"shipping-taxable","13":"purchasable","14":"product-type-variable"},"yoast_head":"<!-- This site is optimized with the Yoast SEO plugin v27.3 - https:\/\/yoast.com\/product\/yoast-seo-wordpress\/ -->\n<title>Caf\u00e9 Per\u00fa Organic 1 Kg - Caf\u00e9 Andino<\/title>\n<meta name=\"description\" content=\"Descubre el mejor caf\u00e9 Per\u00fa Organic 1 Kg 100% Colombia. Compra el mejor Caf\u00e9 Colombiano \u27a4\u27a4 click aqu\u00ed.\" \/>\n<meta name=\"robots\" content=\"index, follow, max-snippet:-1, max-image-preview:large, max-video-preview:-1\" \/>\n<link rel=\"canonical\" href=\"https:\/\/cafeandino.es\/en\/producto\/peru-organic-1-kg\/\" \/>\n<meta property=\"og:locale\" content=\"en_US\" \/>\n<meta property=\"og:type\" content=\"article\" \/>\n<meta property=\"og:title\" content=\"Caf\u00e9 Per\u00fa Organic 1 Kg - Caf\u00e9 Andino\" \/>\n<meta property=\"og:description\" content=\"Descubre el mejor caf\u00e9 Per\u00fa Organic 1 Kg 100% Colombia. Compra el mejor Caf\u00e9 Colombiano \u27a4\u27a4 click aqu\u00ed.\" \/>\n<meta property=\"og:url\" content=\"https:\/\/cafeandino.es\/en\/producto\/peru-organic-1-kg\/\" \/>\n<meta property=\"og:site_name\" content=\"Caf\u00e9 Andino\" \/>\n<meta property=\"article:publisher\" content=\"https:\/\/www.facebook.com\/Cafe-Andino-Spain-106308951100142\" \/>\n<meta property=\"og:image\" content=\"https:\/\/cafeandino.es\/wp-content\/uploads\/2025\/08\/IMG_1527-scaled.jpg\" \/>\n\t<meta property=\"og:image:width\" content=\"2560\" \/>\n\t<meta property=\"og:image:height\" content=\"1707\" \/>\n\t<meta property=\"og:image:type\" content=\"image\/jpeg\" \/>\n<meta name=\"twitter:card\" content=\"summary_large_image\" \/>\n<script type=\"application\/ld+json\" class=\"yoast-schema-graph\">{\"@context\":\"https:\\\/\\\/schema.org\",\"@graph\":[{\"@type\":\"WebPage\",\"@id\":\"https:\\\/\\\/cafeandino.es\\\/en\\\/producto\\\/peru-organic-1-kg\\\/\",\"url\":\"https:\\\/\\\/cafeandino.es\\\/en\\\/producto\\\/peru-organic-1-kg\\\/\",\"name\":\"Caf\u00e9 Per\u00fa Organic 1 Kg - Caf\u00e9 Andino\",\"isPartOf\":{\"@id\":\"https:\\\/\\\/cafeandino.es\\\/#website\"},\"primaryImageOfPage\":{\"@id\":\"https:\\\/\\\/cafeandino.es\\\/en\\\/producto\\\/peru-organic-1-kg\\\/#primaryimage\"},\"image\":{\"@id\":\"https:\\\/\\\/cafeandino.es\\\/en\\\/producto\\\/peru-organic-1-kg\\\/#primaryimage\"},\"thumbnailUrl\":\"https:\\\/\\\/cafeandino.es\\\/wp-content\\\/uploads\\\/2025\\\/08\\\/IMG_1527-scaled.jpg\",\"datePublished\":\"2025-08-31T10:26:50+00:00\",\"description\":\"Descubre el mejor caf\u00e9 Per\u00fa Organic 1 Kg 100% Colombia. Compra el mejor Caf\u00e9 Colombiano \u27a4\u27a4 click aqu\u00ed.\",\"breadcrumb\":{\"@id\":\"https:\\\/\\\/cafeandino.es\\\/en\\\/producto\\\/peru-organic-1-kg\\\/#breadcrumb\"},\"inLanguage\":\"en-US\",\"potentialAction\":[{\"@type\":\"ReadAction\",\"target\":[\"https:\\\/\\\/cafeandino.es\\\/en\\\/producto\\\/peru-organic-1-kg\\\/\"]}]},{\"@type\":\"ImageObject\",\"inLanguage\":\"en-US\",\"@id\":\"https:\\\/\\\/cafeandino.es\\\/en\\\/producto\\\/peru-organic-1-kg\\\/#primaryimage\",\"url\":\"https:\\\/\\\/cafeandino.es\\\/wp-content\\\/uploads\\\/2025\\\/08\\\/IMG_1527-scaled.jpg\",\"contentUrl\":\"https:\\\/\\\/cafeandino.es\\\/wp-content\\\/uploads\\\/2025\\\/08\\\/IMG_1527-scaled.jpg\",\"width\":2560,\"height\":1707},{\"@type\":\"BreadcrumbList\",\"@id\":\"https:\\\/\\\/cafeandino.es\\\/en\\\/producto\\\/peru-organic-1-kg\\\/#breadcrumb\",\"itemListElement\":[{\"@type\":\"ListItem\",\"position\":1,\"name\":\"Portada\",\"item\":\"https:\\\/\\\/cafeandino.es\\\/en\\\/home\\\/\"},{\"@type\":\"ListItem\",\"position\":2,\"name\":\"Shop\",\"item\":\"https:\\\/\\\/cafeandino.es\\\/en\\\/shop\\\/\"},{\"@type\":\"ListItem\",\"position\":3,\"name\":\"Per\u00fa Organic 1 Kg\"}]},{\"@type\":\"WebSite\",\"@id\":\"https:\\\/\\\/cafeandino.es\\\/#website\",\"url\":\"https:\\\/\\\/cafeandino.es\\\/\",\"name\":\"Caf\u00e9 Andino\",\"description\":\"Aut\u00e9ntico Caf\u00e9 de Colombia seleccionado para obtener el mejor caf\u00e9\",\"publisher\":{\"@id\":\"https:\\\/\\\/cafeandino.es\\\/#organization\"},\"potentialAction\":[{\"@type\":\"SearchAction\",\"target\":{\"@type\":\"EntryPoint\",\"urlTemplate\":\"https:\\\/\\\/cafeandino.es\\\/?s={search_term_string}\"},\"query-input\":{\"@type\":\"PropertyValueSpecification\",\"valueRequired\":true,\"valueName\":\"search_term_string\"}}],\"inLanguage\":\"en-US\"},{\"@type\":\"Organization\",\"@id\":\"https:\\\/\\\/cafeandino.es\\\/#organization\",\"name\":\"Caf\u00e9 Andino\",\"url\":\"https:\\\/\\\/cafeandino.es\\\/\",\"logo\":{\"@type\":\"ImageObject\",\"inLanguage\":\"en-US\",\"@id\":\"https:\\\/\\\/cafeandino.es\\\/#\\\/schema\\\/logo\\\/image\\\/\",\"url\":\"https:\\\/\\\/cafeandino.es\\\/wp-content\\\/uploads\\\/2021\\\/01\\\/LOGO-WEB-1.png\",\"contentUrl\":\"https:\\\/\\\/cafeandino.es\\\/wp-content\\\/uploads\\\/2021\\\/01\\\/LOGO-WEB-1.png\",\"width\":625,\"height\":208,\"caption\":\"Caf\u00e9 Andino\"},\"image\":{\"@id\":\"https:\\\/\\\/cafeandino.es\\\/#\\\/schema\\\/logo\\\/image\\\/\"},\"sameAs\":[\"https:\\\/\\\/www.facebook.com\\\/Cafe-Andino-Spain-106308951100142\",\"https:\\\/\\\/www.instagram.com\\\/cafeandinospain\\\/\"]}]}<\/script>\n<!-- \/ Yoast SEO plugin. -->","yoast_head_json":{"title":"Caf\u00e9 Per\u00fa Organic 1 Kg - Caf\u00e9 Andino","description":"Descubre el mejor caf\u00e9 Per\u00fa Organic 1 Kg 100% Colombia. Compra el mejor Caf\u00e9 Colombiano \u27a4\u27a4 click aqu\u00ed.","robots":{"index":"index","follow":"follow","max-snippet":"max-snippet:-1","max-image-preview":"max-image-preview:large","max-video-preview":"max-video-preview:-1"},"canonical":"https:\/\/cafeandino.es\/en\/producto\/peru-organic-1-kg\/","og_locale":"en_US","og_type":"article","og_title":"Caf\u00e9 Per\u00fa Organic 1 Kg - Caf\u00e9 Andino","og_description":"Descubre el mejor caf\u00e9 Per\u00fa Organic 1 Kg 100% Colombia. Compra el mejor Caf\u00e9 Colombiano \u27a4\u27a4 click aqu\u00ed.","og_url":"https:\/\/cafeandino.es\/en\/producto\/peru-organic-1-kg\/","og_site_name":"Caf\u00e9 Andino","article_publisher":"https:\/\/www.facebook.com\/Cafe-Andino-Spain-106308951100142","og_image":[{"width":2560,"height":1707,"url":"https:\/\/cafeandino.es\/wp-content\/uploads\/2025\/08\/IMG_1527-scaled.jpg","type":"image\/jpeg"}],"twitter_card":"summary_large_image","schema":{"@context":"https:\/\/schema.org","@graph":[{"@type":"WebPage","@id":"https:\/\/cafeandino.es\/en\/producto\/peru-organic-1-kg\/","url":"https:\/\/cafeandino.es\/en\/producto\/peru-organic-1-kg\/","name":"Caf\u00e9 Per\u00fa Organic 1 Kg - Caf\u00e9 Andino","isPartOf":{"@id":"https:\/\/cafeandino.es\/#website"},"primaryImageOfPage":{"@id":"https:\/\/cafeandino.es\/en\/producto\/peru-organic-1-kg\/#primaryimage"},"image":{"@id":"https:\/\/cafeandino.es\/en\/producto\/peru-organic-1-kg\/#primaryimage"},"thumbnailUrl":"https:\/\/cafeandino.es\/wp-content\/uploads\/2025\/08\/IMG_1527-scaled.jpg","datePublished":"2025-08-31T10:26:50+00:00","description":"Descubre el mejor caf\u00e9 Per\u00fa Organic 1 Kg 100% Colombia. Compra el mejor Caf\u00e9 Colombiano \u27a4\u27a4 click aqu\u00ed.","breadcrumb":{"@id":"https:\/\/cafeandino.es\/en\/producto\/peru-organic-1-kg\/#breadcrumb"},"inLanguage":"en-US","potentialAction":[{"@type":"ReadAction","target":["https:\/\/cafeandino.es\/en\/producto\/peru-organic-1-kg\/"]}]},{"@type":"ImageObject","inLanguage":"en-US","@id":"https:\/\/cafeandino.es\/en\/producto\/peru-organic-1-kg\/#primaryimage","url":"https:\/\/cafeandino.es\/wp-content\/uploads\/2025\/08\/IMG_1527-scaled.jpg","contentUrl":"https:\/\/cafeandino.es\/wp-content\/uploads\/2025\/08\/IMG_1527-scaled.jpg","width":2560,"height":1707},{"@type":"BreadcrumbList","@id":"https:\/\/cafeandino.es\/en\/producto\/peru-organic-1-kg\/#breadcrumb","itemListElement":[{"@type":"ListItem","position":1,"name":"Portada","item":"https:\/\/cafeandino.es\/en\/home\/"},{"@type":"ListItem","position":2,"name":"Shop","item":"https:\/\/cafeandino.es\/en\/shop\/"},{"@type":"ListItem","position":3,"name":"Per\u00fa Organic 1 Kg"}]},{"@type":"WebSite","@id":"https:\/\/cafeandino.es\/#website","url":"https:\/\/cafeandino.es\/","name":"Caf\u00e9 Andino","description":"Aut\u00e9ntico Caf\u00e9 de Colombia seleccionado para obtener el mejor caf\u00e9","publisher":{"@id":"https:\/\/cafeandino.es\/#organization"},"potentialAction":[{"@type":"SearchAction","target":{"@type":"EntryPoint","urlTemplate":"https:\/\/cafeandino.es\/?s={search_term_string}"},"query-input":{"@type":"PropertyValueSpecification","valueRequired":true,"valueName":"search_term_string"}}],"inLanguage":"en-US"},{"@type":"Organization","@id":"https:\/\/cafeandino.es\/#organization","name":"Caf\u00e9 Andino","url":"https:\/\/cafeandino.es\/","logo":{"@type":"ImageObject","inLanguage":"en-US","@id":"https:\/\/cafeandino.es\/#\/schema\/logo\/image\/","url":"https:\/\/cafeandino.es\/wp-content\/uploads\/2021\/01\/LOGO-WEB-1.png","contentUrl":"https:\/\/cafeandino.es\/wp-content\/uploads\/2021\/01\/LOGO-WEB-1.png","width":625,"height":208,"caption":"Caf\u00e9 Andino"},"image":{"@id":"https:\/\/cafeandino.es\/#\/schema\/logo\/image\/"},"sameAs":["https:\/\/www.facebook.com\/Cafe-Andino-Spain-106308951100142","https:\/\/www.instagram.com\/cafeandinospain\/"]}]}},"_links":{"self":[{"href":"https:\/\/cafeandino.es\/en\/wp-json\/wp\/v2\/product\/6852","targetHints":{"allow":["GET"]}}],"collection":[{"href":"https:\/\/cafeandino.es\/en\/wp-json\/wp\/v2\/product"}],"about":[{"href":"https:\/\/cafeandino.es\/en\/wp-json\/wp\/v2\/types\/product"}],"replies":[{"embeddable":true,"href":"https:\/\/cafeandino.es\/en\/wp-json\/wp\/v2\/comments?post=6852"}],"wp:featuredmedia":[{"embeddable":true,"href":"https:\/\/cafeandino.es\/en\/wp-json\/wp\/v2\/media\/6817"}],"wp:attachment":[{"href":"https:\/\/cafeandino.es\/en\/wp-json\/wp\/v2\/media?parent=6852"}],"wp:term":[{"taxonomy":"product_brand","embeddable":true,"href":"https:\/\/cafeandino.es\/en\/wp-json\/wp\/v2\/product_brand?post=6852"},{"taxonomy":"product_cat","embeddable":true,"href":"https:\/\/cafeandino.es\/en\/wp-json\/wp\/v2\/product_cat?post=6852"},{"taxonomy":"product_tag","embeddable":true,"href":"https:\/\/cafeandino.es\/en\/wp-json\/wp\/v2\/product_tag?post=6852"}],"curies":[{"name":"wp","href":"https:\/\/api.w.org\/{rel}","templated":true}]}}