{"id":6402,"date":"2022-11-09T08:26:37","date_gmt":"2022-11-09T08:26:37","guid":{"rendered":"https:\/\/cafeandino.es\/producto\/plunger-coffee-maker\/"},"modified":"2024-03-10T19:50:50","modified_gmt":"2024-03-10T19:50:50","slug":"cafetera-pequena-embolo","status":"publish","type":"product","link":"https:\/\/cafeandino.es\/en\/producto\/cafetera-pequena-embolo\/","title":{"rendered":"Plunger coffee maker"},"content":{"rendered":"","protected":false},"excerpt":{"rendered":"<p>This plunger coffee maker is ideal for those who like to enjoy coffee quietly alone, mainly because it only serves 2 or 3 cups.<\/p>\n<p>Do you know how to prepared it? In our <strong>TIPS<\/strong> section we explain how to do it.<\/p>\n","protected":false},"featured_media":6252,"comment_status":"open","ping_status":"closed","template":"","meta":{"_joinchat":[]},"product_brand":[],"product_cat":[123],"product_tag":[],"class_list":{"0":"post-6402","1":"product","2":"type-product","3":"status-publish","4":"has-post-thumbnail","6":"product_cat-accesories","8":"first","9":"outofstock","10":"taxable","11":"shipping-taxable","12":"purchasable","13":"product-type-simple"},"yoast_head":"<!-- This site is optimized with the Yoast SEO plugin v27.3 - https:\/\/yoast.com\/product\/yoast-seo-wordpress\/ -->\n<title>Caf\u00e9 Plunger coffee maker - Caf\u00e9 Andino<\/title>\n<meta name=\"description\" content=\"Descubre el mejor caf\u00e9 Plunger coffee maker 100% Colombia. Compra el mejor Caf\u00e9 Colombiano \u27a4\u27a4 click aqu\u00ed.\" \/>\n<meta name=\"robots\" content=\"index, follow, max-snippet:-1, max-image-preview:large, max-video-preview:-1\" \/>\n<link rel=\"canonical\" href=\"https:\/\/cafeandino.es\/producto\/plunger-coffee-maker\/\" \/>\n<meta property=\"og:locale\" content=\"en_US\" \/>\n<meta property=\"og:type\" content=\"article\" \/>\n<meta property=\"og:title\" content=\"Caf\u00e9 Plunger coffee maker - Caf\u00e9 Andino\" \/>\n<meta property=\"og:description\" content=\"Descubre el mejor caf\u00e9 Plunger coffee maker 100% Colombia. Compra el mejor Caf\u00e9 Colombiano \u27a4\u27a4 click aqu\u00ed.\" \/>\n<meta property=\"og:url\" content=\"https:\/\/cafeandino.es\/producto\/plunger-coffee-maker\/\" \/>\n<meta property=\"og:site_name\" content=\"Caf\u00e9 Andino\" \/>\n<meta property=\"article:publisher\" content=\"https:\/\/www.facebook.com\/Cafe-Andino-Spain-106308951100142\" \/>\n<meta property=\"article:modified_time\" content=\"2024-03-10T19:50:50+00:00\" \/>\n<meta name=\"twitter:card\" content=\"summary_large_image\" \/>\n<script type=\"application\/ld+json\" class=\"yoast-schema-graph\">{\"@context\":\"https:\\\/\\\/schema.org\",\"@graph\":[{\"@type\":\"WebPage\",\"@id\":\"https:\\\/\\\/cafeandino.es\\\/producto\\\/plunger-coffee-maker\\\/\",\"url\":\"https:\\\/\\\/cafeandino.es\\\/producto\\\/plunger-coffee-maker\\\/\",\"name\":\"Caf\u00e9 Plunger coffee maker - Caf\u00e9 Andino\",\"isPartOf\":{\"@id\":\"https:\\\/\\\/cafeandino.es\\\/#website\"},\"primaryImageOfPage\":{\"@id\":\"https:\\\/\\\/cafeandino.es\\\/producto\\\/plunger-coffee-maker\\\/#primaryimage\"},\"image\":{\"@id\":\"https:\\\/\\\/cafeandino.es\\\/producto\\\/plunger-coffee-maker\\\/#primaryimage\"},\"thumbnailUrl\":\"https:\\\/\\\/cafeandino.es\\\/wp-content\\\/uploads\\\/2021\\\/02\\\/7F556A53-AD39-4826-9696-174083CF5931_1_201_a-scaled.jpeg\",\"datePublished\":\"2022-11-09T08:26:37+00:00\",\"dateModified\":\"2024-03-10T19:50:50+00:00\",\"description\":\"Descubre el mejor caf\u00e9 Plunger coffee maker 100% Colombia. Compra el mejor Caf\u00e9 Colombiano \u27a4\u27a4 click aqu\u00ed.\",\"breadcrumb\":{\"@id\":\"https:\\\/\\\/cafeandino.es\\\/producto\\\/plunger-coffee-maker\\\/#breadcrumb\"},\"inLanguage\":\"en-US\",\"potentialAction\":[{\"@type\":\"ReadAction\",\"target\":[\"https:\\\/\\\/cafeandino.es\\\/producto\\\/plunger-coffee-maker\\\/\"]}]},{\"@type\":\"ImageObject\",\"inLanguage\":\"en-US\",\"@id\":\"https:\\\/\\\/cafeandino.es\\\/producto\\\/plunger-coffee-maker\\\/#primaryimage\",\"url\":\"https:\\\/\\\/cafeandino.es\\\/wp-content\\\/uploads\\\/2021\\\/02\\\/7F556A53-AD39-4826-9696-174083CF5931_1_201_a-scaled.jpeg\",\"contentUrl\":\"https:\\\/\\\/cafeandino.es\\\/wp-content\\\/uploads\\\/2021\\\/02\\\/7F556A53-AD39-4826-9696-174083CF5931_1_201_a-scaled.jpeg\",\"width\":2560,\"height\":1707},{\"@type\":\"BreadcrumbList\",\"@id\":\"https:\\\/\\\/cafeandino.es\\\/producto\\\/plunger-coffee-maker\\\/#breadcrumb\",\"itemListElement\":[{\"@type\":\"ListItem\",\"position\":1,\"name\":\"Portada\",\"item\":\"https:\\\/\\\/cafeandino.es\\\/en\\\/home\\\/\"},{\"@type\":\"ListItem\",\"position\":2,\"name\":\"Shop\",\"item\":\"https:\\\/\\\/cafeandino.es\\\/en\\\/shop\\\/\"},{\"@type\":\"ListItem\",\"position\":3,\"name\":\"Plunger coffee maker\"}]},{\"@type\":\"WebSite\",\"@id\":\"https:\\\/\\\/cafeandino.es\\\/#website\",\"url\":\"https:\\\/\\\/cafeandino.es\\\/\",\"name\":\"Caf\u00e9 Andino\",\"description\":\"Aut\u00e9ntico Caf\u00e9 de Colombia seleccionado para obtener el mejor caf\u00e9\",\"publisher\":{\"@id\":\"https:\\\/\\\/cafeandino.es\\\/#organization\"},\"potentialAction\":[{\"@type\":\"SearchAction\",\"target\":{\"@type\":\"EntryPoint\",\"urlTemplate\":\"https:\\\/\\\/cafeandino.es\\\/?s={search_term_string}\"},\"query-input\":{\"@type\":\"PropertyValueSpecification\",\"valueRequired\":true,\"valueName\":\"search_term_string\"}}],\"inLanguage\":\"en-US\"},{\"@type\":\"Organization\",\"@id\":\"https:\\\/\\\/cafeandino.es\\\/#organization\",\"name\":\"Caf\u00e9 Andino\",\"url\":\"https:\\\/\\\/cafeandino.es\\\/\",\"logo\":{\"@type\":\"ImageObject\",\"inLanguage\":\"en-US\",\"@id\":\"https:\\\/\\\/cafeandino.es\\\/#\\\/schema\\\/logo\\\/image\\\/\",\"url\":\"https:\\\/\\\/cafeandino.es\\\/wp-content\\\/uploads\\\/2021\\\/01\\\/LOGO-WEB-1.png\",\"contentUrl\":\"https:\\\/\\\/cafeandino.es\\\/wp-content\\\/uploads\\\/2021\\\/01\\\/LOGO-WEB-1.png\",\"width\":625,\"height\":208,\"caption\":\"Caf\u00e9 Andino\"},\"image\":{\"@id\":\"https:\\\/\\\/cafeandino.es\\\/#\\\/schema\\\/logo\\\/image\\\/\"},\"sameAs\":[\"https:\\\/\\\/www.facebook.com\\\/Cafe-Andino-Spain-106308951100142\",\"https:\\\/\\\/www.instagram.com\\\/cafeandinospain\\\/\"]}]}<\/script>\n<!-- \/ Yoast SEO plugin. -->","yoast_head_json":{"title":"Caf\u00e9 Plunger coffee maker - Caf\u00e9 Andino","description":"Descubre el mejor caf\u00e9 Plunger coffee maker 100% Colombia. Compra el mejor Caf\u00e9 Colombiano \u27a4\u27a4 click aqu\u00ed.","robots":{"index":"index","follow":"follow","max-snippet":"max-snippet:-1","max-image-preview":"max-image-preview:large","max-video-preview":"max-video-preview:-1"},"canonical":"https:\/\/cafeandino.es\/producto\/plunger-coffee-maker\/","og_locale":"en_US","og_type":"article","og_title":"Caf\u00e9 Plunger coffee maker - Caf\u00e9 Andino","og_description":"Descubre el mejor caf\u00e9 Plunger coffee maker 100% Colombia. Compra el mejor Caf\u00e9 Colombiano \u27a4\u27a4 click aqu\u00ed.","og_url":"https:\/\/cafeandino.es\/producto\/plunger-coffee-maker\/","og_site_name":"Caf\u00e9 Andino","article_publisher":"https:\/\/www.facebook.com\/Cafe-Andino-Spain-106308951100142","article_modified_time":"2024-03-10T19:50:50+00:00","twitter_card":"summary_large_image","schema":{"@context":"https:\/\/schema.org","@graph":[{"@type":"WebPage","@id":"https:\/\/cafeandino.es\/producto\/plunger-coffee-maker\/","url":"https:\/\/cafeandino.es\/producto\/plunger-coffee-maker\/","name":"Caf\u00e9 Plunger coffee maker - Caf\u00e9 Andino","isPartOf":{"@id":"https:\/\/cafeandino.es\/#website"},"primaryImageOfPage":{"@id":"https:\/\/cafeandino.es\/producto\/plunger-coffee-maker\/#primaryimage"},"image":{"@id":"https:\/\/cafeandino.es\/producto\/plunger-coffee-maker\/#primaryimage"},"thumbnailUrl":"https:\/\/cafeandino.es\/wp-content\/uploads\/2021\/02\/7F556A53-AD39-4826-9696-174083CF5931_1_201_a-scaled.jpeg","datePublished":"2022-11-09T08:26:37+00:00","dateModified":"2024-03-10T19:50:50+00:00","description":"Descubre el mejor caf\u00e9 Plunger coffee maker 100% Colombia. Compra el mejor Caf\u00e9 Colombiano \u27a4\u27a4 click aqu\u00ed.","breadcrumb":{"@id":"https:\/\/cafeandino.es\/producto\/plunger-coffee-maker\/#breadcrumb"},"inLanguage":"en-US","potentialAction":[{"@type":"ReadAction","target":["https:\/\/cafeandino.es\/producto\/plunger-coffee-maker\/"]}]},{"@type":"ImageObject","inLanguage":"en-US","@id":"https:\/\/cafeandino.es\/producto\/plunger-coffee-maker\/#primaryimage","url":"https:\/\/cafeandino.es\/wp-content\/uploads\/2021\/02\/7F556A53-AD39-4826-9696-174083CF5931_1_201_a-scaled.jpeg","contentUrl":"https:\/\/cafeandino.es\/wp-content\/uploads\/2021\/02\/7F556A53-AD39-4826-9696-174083CF5931_1_201_a-scaled.jpeg","width":2560,"height":1707},{"@type":"BreadcrumbList","@id":"https:\/\/cafeandino.es\/producto\/plunger-coffee-maker\/#breadcrumb","itemListElement":[{"@type":"ListItem","position":1,"name":"Portada","item":"https:\/\/cafeandino.es\/en\/home\/"},{"@type":"ListItem","position":2,"name":"Shop","item":"https:\/\/cafeandino.es\/en\/shop\/"},{"@type":"ListItem","position":3,"name":"Plunger coffee maker"}]},{"@type":"WebSite","@id":"https:\/\/cafeandino.es\/#website","url":"https:\/\/cafeandino.es\/","name":"Caf\u00e9 Andino","description":"Aut\u00e9ntico Caf\u00e9 de Colombia seleccionado para obtener el mejor caf\u00e9","publisher":{"@id":"https:\/\/cafeandino.es\/#organization"},"potentialAction":[{"@type":"SearchAction","target":{"@type":"EntryPoint","urlTemplate":"https:\/\/cafeandino.es\/?s={search_term_string}"},"query-input":{"@type":"PropertyValueSpecification","valueRequired":true,"valueName":"search_term_string"}}],"inLanguage":"en-US"},{"@type":"Organization","@id":"https:\/\/cafeandino.es\/#organization","name":"Caf\u00e9 Andino","url":"https:\/\/cafeandino.es\/","logo":{"@type":"ImageObject","inLanguage":"en-US","@id":"https:\/\/cafeandino.es\/#\/schema\/logo\/image\/","url":"https:\/\/cafeandino.es\/wp-content\/uploads\/2021\/01\/LOGO-WEB-1.png","contentUrl":"https:\/\/cafeandino.es\/wp-content\/uploads\/2021\/01\/LOGO-WEB-1.png","width":625,"height":208,"caption":"Caf\u00e9 Andino"},"image":{"@id":"https:\/\/cafeandino.es\/#\/schema\/logo\/image\/"},"sameAs":["https:\/\/www.facebook.com\/Cafe-Andino-Spain-106308951100142","https:\/\/www.instagram.com\/cafeandinospain\/"]}]}},"_links":{"self":[{"href":"https:\/\/cafeandino.es\/en\/wp-json\/wp\/v2\/product\/6402","targetHints":{"allow":["GET"]}}],"collection":[{"href":"https:\/\/cafeandino.es\/en\/wp-json\/wp\/v2\/product"}],"about":[{"href":"https:\/\/cafeandino.es\/en\/wp-json\/wp\/v2\/types\/product"}],"replies":[{"embeddable":true,"href":"https:\/\/cafeandino.es\/en\/wp-json\/wp\/v2\/comments?post=6402"}],"wp:featuredmedia":[{"embeddable":true,"href":"https:\/\/cafeandino.es\/en\/wp-json\/wp\/v2\/media\/6252"}],"wp:attachment":[{"href":"https:\/\/cafeandino.es\/en\/wp-json\/wp\/v2\/media?parent=6402"}],"wp:term":[{"taxonomy":"product_brand","embeddable":true,"href":"https:\/\/cafeandino.es\/en\/wp-json\/wp\/v2\/product_brand?post=6402"},{"taxonomy":"product_cat","embeddable":true,"href":"https:\/\/cafeandino.es\/en\/wp-json\/wp\/v2\/product_cat?post=6402"},{"taxonomy":"product_tag","embeddable":true,"href":"https:\/\/cafeandino.es\/en\/wp-json\/wp\/v2\/product_tag?post=6402"}],"curies":[{"name":"wp","href":"https:\/\/api.w.org\/{rel}","templated":true}]}}