{"id":6325,"date":"2022-10-15T13:53:26","date_gmt":"2022-10-15T13:53:26","guid":{"rendered":"https:\/\/cafeandino.es\/?page_id=6325"},"modified":"2026-03-10T18:00:30","modified_gmt":"2026-03-10T18:00:30","slug":"wholesale","status":"publish","type":"page","link":"https:\/\/cafeandino.es\/en\/wholesale\/","title":{"rendered":"WHOLESALE"},"content":{"rendered":"<div class=\"wpb-content-wrapper\"><p>[vc_row el_id=&#8221;tips&#8221; mobile_bg_img_hidden=&#8221;no&#8221; tablet_bg_img_hidden=&#8221;no&#8221; woodmart_parallax=&#8221;0&#8243; woodmart_gradient_switch=&#8221;no&#8221; row_reverse_mobile=&#8221;0&#8243; row_reverse_tablet=&#8221;0&#8243; woodmart_disable_overflow=&#8221;0&#8243;][vc_column]\t\t\n\t\t<div id=\"wd-634ed45ecd133\" class=\"title-wrapper  woodmart-title-color-default woodmart-title-style-default woodmart-title-width-100 text-center tit_ woodmart-title-size-custom vc_custom_1666110440936\">\n\t\t\t\t\t\t\n\t\t\t<div class=\"liner-continer\">\n\t\t\t\t<span class=\"left-line\"><\/span>\n\t\t\t\t<h4 class=\"woodmart-title-container title  woodmart-font-weight-400\" >WHOLESALE<\/h4>\t\t\t\t\t\t\t\t<span class=\"right-line\"><\/span>\n\t\t\t<\/div>\n\t\t\t\n\t\t\t\t\t\t\n\t\t\t\t\t<\/div>\n\t\t\n\t\t[vc_single_image image=&#8221;6236&#8243; img_size=&#8221;full&#8221; alignment=&#8221;center&#8221; parallax_scroll=&#8221;no&#8221; el_class=&#8221;img_p&#8221;][vc_column_text text_larger=&#8221;no&#8221; el_class=&#8221;text_1&#8243;]<\/p>\n<h4>Do you want a quality artisan coffee for your business?<\/h4>\n<p>Send us an email if you want your coffee business to stand out and be an authentic experience for your customers.<\/p>\n<p>BUT first, you need to know something very important, which is that our coffee is 100% artisan. You may wonder, what do we mean by artisan? Well, besides not being industrial production, it is made in a traditional way. We roast, package and seal everything by hand (yes, we do it ourselves).<\/p>\n<p>Another important fact, if not the most, is that our coffee is NEVER roasted with sugar (this is called <i>torrefacto<\/i>). Don&#8217;t drink it if someone offers it to you. It&#8217;s a piece of advice we give you with love.<\/p>\n<p>And what&#8217;s so special about all this we&#8217;re telling you?<\/p>\n<p>It&#8217;s very simple. The coffee we deliver to your business will never be roasted for more than 2 weeks, which by the way, is the optimal time to bring out the best qualities of the coffee. It can&#8217;t get fresher than that.<\/p>\n<p>Today we offer you our Colombia Nohora Supremo, Our EVA Colombia Organic, and our Colombia Decaf (we suggest all of them) for your business.<\/p>\n<p>So, now you can send us that email.<\/p>\n<p style=\"text-align: center;\"><a href=\"https:\/\/cafeandino.es\/en\/contact\/\">I want your coffee<\/a><\/p>\n<h4 style=\"text-align: center;\"><i>\u201cFew products build loyalty as much as a good coffee\u201d<\/i><\/h4>\n<p>[\/vc_column_text][\/vc_column][\/vc_row]<\/p>\n<\/div>","protected":false},"excerpt":{"rendered":"<p>[vc_row el_id=&#8221;tips&#8221; mobile_bg_img_hidden=&#8221;no&#8221; tablet_bg_img_hidden=&#8221;no&#8221; woodmart_parallax=&#8221;0&#8243; woodmart_gradient_switch=&#8221;no&#8221; row_reverse_mobile=&#8221;0&#8243; row_reverse_tablet=&#8221;0&#8243; woodmart_disable_overflow=&#8221;0&#8243;][vc_column][vc_single_image image=&#8221;6236&#8243; img_size=&#8221;full&#8221; alignment=&#8221;center&#8221; parallax_scroll=&#8221;no&#8221; el_class=&#8221;img_p&#8221;][vc_column_text text_larger=&#8221;no&#8221; el_class=&#8221;text_1&#8243;] Do you want a<\/p>\n","protected":false},"author":1,"featured_media":0,"parent":0,"menu_order":0,"comment_status":"closed","ping_status":"closed","template":"","meta":{"_joinchat":[],"footnotes":""},"class_list":["post-6325","page","type-page","status-publish","hentry"],"yoast_head":"<!-- This site is optimized with the Yoast SEO plugin v27.4 - https:\/\/yoast.com\/product\/yoast-seo-wordpress\/ -->\n<title>Caf\u00e9 Andino | Your 100% Colombian coffee<\/title>\n<meta name=\"description\" content=\"We offer you the best 100% Colombian coffee so that your palate can be delighted with a traditional flavor \u27a4\u27a4 Supreme, organic and decaffeinated\" \/>\n<meta name=\"robots\" content=\"index, follow, max-snippet:-1, max-image-preview:large, max-video-preview:-1\" \/>\n<link rel=\"canonical\" href=\"https:\/\/cafeandino.es\/en\/wholesale\/\" \/>\n<meta property=\"og:locale\" content=\"en_US\" \/>\n<meta property=\"og:type\" content=\"article\" \/>\n<meta property=\"og:title\" content=\"Caf\u00e9 Andino | Your 100% Colombian coffee\" \/>\n<meta property=\"og:description\" content=\"We offer you the best 100% Colombian coffee so that your palate can be delighted with a traditional flavor \u27a4\u27a4 Supreme, organic and decaffeinated\" \/>\n<meta property=\"og:url\" content=\"https:\/\/cafeandino.es\/en\/wholesale\/\" \/>\n<meta property=\"og:site_name\" content=\"Caf\u00e9 Andino\" \/>\n<meta property=\"article:publisher\" content=\"https:\/\/www.facebook.com\/Cafe-Andino-Spain-106308951100142\" \/>\n<meta property=\"article:modified_time\" content=\"2026-03-10T18:00:30+00:00\" \/>\n<meta name=\"twitter:card\" content=\"summary_large_image\" \/>\n<meta name=\"twitter:label1\" content=\"Est. reading time\" \/>\n\t<meta name=\"twitter:data1\" content=\"2 minutes\" \/>\n<script type=\"application\/ld+json\" class=\"yoast-schema-graph\">{\"@context\":\"https:\\\/\\\/schema.org\",\"@graph\":[{\"@type\":\"WebPage\",\"@id\":\"https:\\\/\\\/cafeandino.es\\\/en\\\/wholesale\\\/\",\"url\":\"https:\\\/\\\/cafeandino.es\\\/en\\\/wholesale\\\/\",\"name\":\"Caf\u00e9 Andino | Your 100% Colombian coffee\",\"isPartOf\":{\"@id\":\"https:\\\/\\\/cafeandino.es\\\/#website\"},\"datePublished\":\"2022-10-15T13:53:26+00:00\",\"dateModified\":\"2026-03-10T18:00:30+00:00\",\"description\":\"We offer you the best 100% Colombian coffee so that your palate can be delighted with a traditional flavor \u27a4\u27a4 Supreme, organic and decaffeinated\",\"breadcrumb\":{\"@id\":\"https:\\\/\\\/cafeandino.es\\\/en\\\/wholesale\\\/#breadcrumb\"},\"inLanguage\":\"en-US\",\"potentialAction\":[{\"@type\":\"ReadAction\",\"target\":[\"https:\\\/\\\/cafeandino.es\\\/en\\\/wholesale\\\/\"]}]},{\"@type\":\"BreadcrumbList\",\"@id\":\"https:\\\/\\\/cafeandino.es\\\/en\\\/wholesale\\\/#breadcrumb\",\"itemListElement\":[{\"@type\":\"ListItem\",\"position\":1,\"name\":\"Portada\",\"item\":\"https:\\\/\\\/cafeandino.es\\\/en\\\/home\\\/\"},{\"@type\":\"ListItem\",\"position\":2,\"name\":\"WHOLESALE\"}]},{\"@type\":\"WebSite\",\"@id\":\"https:\\\/\\\/cafeandino.es\\\/#website\",\"url\":\"https:\\\/\\\/cafeandino.es\\\/\",\"name\":\"Caf\u00e9 Andino\",\"description\":\"Aut\u00e9ntico Caf\u00e9 de Colombia seleccionado para obtener el mejor caf\u00e9\",\"publisher\":{\"@id\":\"https:\\\/\\\/cafeandino.es\\\/#organization\"},\"potentialAction\":[{\"@type\":\"SearchAction\",\"target\":{\"@type\":\"EntryPoint\",\"urlTemplate\":\"https:\\\/\\\/cafeandino.es\\\/?s={search_term_string}\"},\"query-input\":{\"@type\":\"PropertyValueSpecification\",\"valueRequired\":true,\"valueName\":\"search_term_string\"}}],\"inLanguage\":\"en-US\"},{\"@type\":\"Organization\",\"@id\":\"https:\\\/\\\/cafeandino.es\\\/#organization\",\"name\":\"Caf\u00e9 Andino\",\"url\":\"https:\\\/\\\/cafeandino.es\\\/\",\"logo\":{\"@type\":\"ImageObject\",\"inLanguage\":\"en-US\",\"@id\":\"https:\\\/\\\/cafeandino.es\\\/#\\\/schema\\\/logo\\\/image\\\/\",\"url\":\"https:\\\/\\\/cafeandino.es\\\/wp-content\\\/uploads\\\/2021\\\/01\\\/LOGO-WEB-1.png\",\"contentUrl\":\"https:\\\/\\\/cafeandino.es\\\/wp-content\\\/uploads\\\/2021\\\/01\\\/LOGO-WEB-1.png\",\"width\":625,\"height\":208,\"caption\":\"Caf\u00e9 Andino\"},\"image\":{\"@id\":\"https:\\\/\\\/cafeandino.es\\\/#\\\/schema\\\/logo\\\/image\\\/\"},\"sameAs\":[\"https:\\\/\\\/www.facebook.com\\\/Cafe-Andino-Spain-106308951100142\",\"https:\\\/\\\/www.instagram.com\\\/cafeandinospain\\\/\"]}]}<\/script>\n<!-- \/ Yoast SEO plugin. -->","yoast_head_json":{"title":"Caf\u00e9 Andino | Your 100% Colombian coffee","description":"We offer you the best 100% Colombian coffee so that your palate can be delighted with a traditional flavor \u27a4\u27a4 Supreme, organic and decaffeinated","robots":{"index":"index","follow":"follow","max-snippet":"max-snippet:-1","max-image-preview":"max-image-preview:large","max-video-preview":"max-video-preview:-1"},"canonical":"https:\/\/cafeandino.es\/en\/wholesale\/","og_locale":"en_US","og_type":"article","og_title":"Caf\u00e9 Andino | Your 100% Colombian coffee","og_description":"We offer you the best 100% Colombian coffee so that your palate can be delighted with a traditional flavor \u27a4\u27a4 Supreme, organic and decaffeinated","og_url":"https:\/\/cafeandino.es\/en\/wholesale\/","og_site_name":"Caf\u00e9 Andino","article_publisher":"https:\/\/www.facebook.com\/Cafe-Andino-Spain-106308951100142","article_modified_time":"2026-03-10T18:00:30+00:00","twitter_card":"summary_large_image","twitter_misc":{"Est. reading time":"2 minutes"},"schema":{"@context":"https:\/\/schema.org","@graph":[{"@type":"WebPage","@id":"https:\/\/cafeandino.es\/en\/wholesale\/","url":"https:\/\/cafeandino.es\/en\/wholesale\/","name":"Caf\u00e9 Andino | Your 100% Colombian coffee","isPartOf":{"@id":"https:\/\/cafeandino.es\/#website"},"datePublished":"2022-10-15T13:53:26+00:00","dateModified":"2026-03-10T18:00:30+00:00","description":"We offer you the best 100% Colombian coffee so that your palate can be delighted with a traditional flavor \u27a4\u27a4 Supreme, organic and decaffeinated","breadcrumb":{"@id":"https:\/\/cafeandino.es\/en\/wholesale\/#breadcrumb"},"inLanguage":"en-US","potentialAction":[{"@type":"ReadAction","target":["https:\/\/cafeandino.es\/en\/wholesale\/"]}]},{"@type":"BreadcrumbList","@id":"https:\/\/cafeandino.es\/en\/wholesale\/#breadcrumb","itemListElement":[{"@type":"ListItem","position":1,"name":"Portada","item":"https:\/\/cafeandino.es\/en\/home\/"},{"@type":"ListItem","position":2,"name":"WHOLESALE"}]},{"@type":"WebSite","@id":"https:\/\/cafeandino.es\/#website","url":"https:\/\/cafeandino.es\/","name":"Caf\u00e9 Andino","description":"Aut\u00e9ntico Caf\u00e9 de Colombia seleccionado para obtener el mejor caf\u00e9","publisher":{"@id":"https:\/\/cafeandino.es\/#organization"},"potentialAction":[{"@type":"SearchAction","target":{"@type":"EntryPoint","urlTemplate":"https:\/\/cafeandino.es\/?s={search_term_string}"},"query-input":{"@type":"PropertyValueSpecification","valueRequired":true,"valueName":"search_term_string"}}],"inLanguage":"en-US"},{"@type":"Organization","@id":"https:\/\/cafeandino.es\/#organization","name":"Caf\u00e9 Andino","url":"https:\/\/cafeandino.es\/","logo":{"@type":"ImageObject","inLanguage":"en-US","@id":"https:\/\/cafeandino.es\/#\/schema\/logo\/image\/","url":"https:\/\/cafeandino.es\/wp-content\/uploads\/2021\/01\/LOGO-WEB-1.png","contentUrl":"https:\/\/cafeandino.es\/wp-content\/uploads\/2021\/01\/LOGO-WEB-1.png","width":625,"height":208,"caption":"Caf\u00e9 Andino"},"image":{"@id":"https:\/\/cafeandino.es\/#\/schema\/logo\/image\/"},"sameAs":["https:\/\/www.facebook.com\/Cafe-Andino-Spain-106308951100142","https:\/\/www.instagram.com\/cafeandinospain\/"]}]}},"_links":{"self":[{"href":"https:\/\/cafeandino.es\/en\/wp-json\/wp\/v2\/pages\/6325","targetHints":{"allow":["GET"]}}],"collection":[{"href":"https:\/\/cafeandino.es\/en\/wp-json\/wp\/v2\/pages"}],"about":[{"href":"https:\/\/cafeandino.es\/en\/wp-json\/wp\/v2\/types\/page"}],"author":[{"embeddable":true,"href":"https:\/\/cafeandino.es\/en\/wp-json\/wp\/v2\/users\/1"}],"replies":[{"embeddable":true,"href":"https:\/\/cafeandino.es\/en\/wp-json\/wp\/v2\/comments?post=6325"}],"version-history":[{"count":7,"href":"https:\/\/cafeandino.es\/en\/wp-json\/wp\/v2\/pages\/6325\/revisions"}],"predecessor-version":[{"id":6913,"href":"https:\/\/cafeandino.es\/en\/wp-json\/wp\/v2\/pages\/6325\/revisions\/6913"}],"wp:attachment":[{"href":"https:\/\/cafeandino.es\/en\/wp-json\/wp\/v2\/media?parent=6325"}],"curies":[{"name":"wp","href":"https:\/\/api.w.org\/{rel}","templated":true}]}}