{"id":6304,"date":"2017-06-27T06:20:05","date_gmt":"2017-06-27T06:20:05","guid":{"rendered":"https:\/\/cafeandino.es\/contact\/"},"modified":"2023-04-18T12:33:56","modified_gmt":"2023-04-18T12:33:56","slug":"contact","status":"publish","type":"page","link":"https:\/\/cafeandino.es\/en\/contact\/","title":{"rendered":"Contact"},"content":{"rendered":"<div class=\"wpb-content-wrapper\"><p>[vc_row][vc_column]\t\t\n\t\t<div id=\"wd-634ed48376025\" class=\"title-wrapper  woodmart-title-color-default woodmart-title-style-default woodmart-title-width-100 text-center tit_ woodmart-title-size-custom \">\n\t\t\t\t\t\t\n\t\t\t<div class=\"liner-continer\">\n\t\t\t\t<span class=\"left-line\"><\/span>\n\t\t\t\t<h4 class=\"woodmart-title-container title  woodmart-font-weight-400\" >HOW CAN WE HELP YOU?<\/h4>\t\t\t\t\t\t\t\t<span class=\"right-line\"><\/span>\n\t\t\t<\/div>\n\t\t\t\n\t\t\t\t\t\t\n\t\t\t\t\t<\/div>\n\t\t\n\t\t[\/vc_column][\/vc_row][vc_row equal_height=&#8221;yes&#8221; css_animation=&#8221;fadeIn&#8221; css=&#8221;.vc_custom_1612281730307{margin-right: -40px !important;margin-bottom: 60px !important;margin-left: -40px !important;}&#8221; mobile_bg_img_hidden=&#8221;no&#8221; tablet_bg_img_hidden=&#8221;no&#8221; woodmart_parallax=&#8221;0&#8243; woodmart_gradient_switch=&#8221;no&#8221; row_reverse_mobile=&#8221;0&#8243; row_reverse_tablet=&#8221;0&#8243; woodmart_disable_overflow=&#8221;0&#8243;][vc_column offset=&#8221;vc_col-lg-6 vc_col-md-6&#8243; css=&#8221;.vc_custom_1496932331302{padding-top: 20px !important;padding-right: 40px !important;padding-bottom: 10px !important;padding-left: 40px !important;}&#8221;]\t\t\n\t\t<div id=\"wd-5f1719293c224\" class=\"title-wrapper  woodmart-title-color-default woodmart-title-style-bordered woodmart-title-width-100 text-left woodmart-title-size-default vc_custom_1595349350326\">\n\t\t\t\t\t\t\n\t\t\t<div class=\"liner-continer\">\n\t\t\t\t<span class=\"left-line\"><\/span>\n\t\t\t\t<h4 class=\"woodmart-title-container title  woodmart-font-weight-\" >CONTACT<\/h4>\t\t\t\t\t\t\t\t<span class=\"right-line\"><\/span>\n\t\t\t<\/div>\n\t\t\t\n\t\t\t\t\t\t\n\t\t\t\t\t<\/div>\n\t\t\n\t\t[vc_row_inner css=&#8221;.vc_custom_1484253288811{margin-bottom: 0px !important;}&#8221;][vc_column_inner width=&#8221;1\/2&#8243;]\t\t\t<div class=\"info-box-wrapper \">\n\t\t\t\t<div id=\"wd-63e3937d68a77\" class=\" woodmart-info-box text-left box-icon-align-left box-style- color-scheme- woodmart-bg-none box-title-small vc_custom_1675858715188\"  >\n\t\t\t\t\t\t\t\t\t\t\t<div class=\"box-icon-wrapper  box-with-icon box-icon-simple\">\n\t\t\t\t\t\t\t<div class=\"info-box-icon\">\n\n\t\t\t\t\t\t\t\n\t\t\t\t\t\t\t\t\t\t\t\t\t\t\t\t\t<img decoding=\"async\" class=\"info-icon image-1 \" src=\"https:\/\/cafeandino.es\/wp-content\/uploads\/2020\/07\/1009-smartphone-40x40.png\" width=\"40\" height=\"40\" alt=\"1009-smartphone\" title=\"1009-smartphone\" loading=\"lazy\" \/>\t\t\t\t\t\t\t\t\t\t\t\t\t\t\t\t\n\t\t\t\t\t\t\t\n\t\t\t\t\t\t\t<\/div>\n\t\t\t\t\t\t<\/div>\n\t\t\t\t\t\t\t\t\t\t<div class=\"info-box-content\">\n\t\t\t\t\t\t\t\t\t\t\t\t<div class=\"info-box-inner reset-mb-10\">\n\t\t\t\t\t\t\t<p><span style=\"color: #333333;\"><strong>Phone:<\/strong><\/span> <a href=\"tel:666603016\">666 60 30 16<\/a><\/p>\n<p><span style=\"color: #333333;\"><strong>Whatsapp:<\/strong><\/span> <a href=\"https:\/\/api.whatsapp.com\/send?phone=34666603016\">666 60 30 16<\/a><\/p>\n<div id=\"gtx-trans\" style=\"position: absolute; left: -10px; top: 30px;\">\n<div class=\"gtx-trans-icon\"><\/div>\n<\/div>\n<p>\n\t\t\t\t\t\t<\/div>\n\n\t\t\t\t\t\t\t\t\t\t\t\t\n\t\t\t\t\t<\/div>\n\n\t\t\t\t\t\t\t\t\t<\/div>\n\t\t\t<\/div>\n\t\t\t\t\t<div class=\"info-box-wrapper \">\n\t\t\t\t<div id=\"wd-602bfda58389f\" class=\" woodmart-info-box text-left box-icon-align-left box-style- color-scheme- woodmart-bg-none box-title-small vc_custom_1613495724706\"  >\n\t\t\t\t\t\t\t\t\t\t\t<div class=\"box-icon-wrapper  box-with-icon box-icon-simple\">\n\t\t\t\t\t\t\t<div class=\"info-box-icon\">\n\n\t\t\t\t\t\t\t\n\t\t\t\t\t\t\t\t\t\t\t\t\t\t\t\t\t<img decoding=\"async\" class=\"info-icon image-1 \" src=\"https:\/\/cafeandino.es\/wp-content\/uploads\/2020\/07\/099-delivery-truck-40x40.png\" width=\"40\" height=\"40\" alt=\"099-delivery-truck\" title=\"099-delivery-truck\" loading=\"lazy\" \/>\t\t\t\t\t\t\t\t\t\t\t\t\t\t\t\t\n\t\t\t\t\t\t\t\n\t\t\t\t\t\t\t<\/div>\n\t\t\t\t\t\t<\/div>\n\t\t\t\t\t\t\t\t\t\t<div class=\"info-box-content\">\n\t\t\t\t\t\t\t\t\t\t\t\t<div class=\"info-box-inner reset-mb-10\">\n\t\t\t\t\t\t\t<p><strong>Shipping 24-72 business hours<\/strong><\/p>\n\t\t\t\t\t\t<\/div>\n\n\t\t\t\t\t\t\t\t\t\t\t\t\n\t\t\t\t\t<\/div>\n\n\t\t\t\t\t\t\t\t\t<\/div>\n\t\t\t<\/div>\n\t\t[\/vc_column_inner][vc_column_inner width=&#8221;1\/2&#8243;]\t\t\t<div class=\"info-box-wrapper \">\n\t\t\t\t<div id=\"wd-602683da2e948\" class=\" woodmart-info-box text-left box-icon-align-left box-style- color-scheme- woodmart-bg-none box-title-small vc_custom_1613136897851\"  >\n\t\t\t\t\t\t\t\t\t\t\t<div class=\"box-icon-wrapper  box-with-icon box-icon-simple\">\n\t\t\t\t\t\t\t<div class=\"info-box-icon\">\n\n\t\t\t\t\t\t\t\n\t\t\t\t\t\t\t\t\t\t\t\t\t\t\t\t\t<img decoding=\"async\" class=\"info-icon image-1 \" src=\"https:\/\/cafeandino.es\/wp-content\/uploads\/2020\/07\/134-email-45x45.png\" width=\"45\" height=\"45\" alt=\"134-email\" title=\"134-email\" loading=\"lazy\" \/>\t\t\t\t\t\t\t\t\t\t\t\t\t\t\t\t\n\t\t\t\t\t\t\t\n\t\t\t\t\t\t\t<\/div>\n\t\t\t\t\t\t<\/div>\n\t\t\t\t\t\t\t\t\t\t<div class=\"info-box-content\">\n\t\t\t\t\t\t\t\t\t\t\t\t<div class=\"info-box-inner reset-mb-10\">\n\t\t\t\t\t\t\t<p><span style=\"color: #333333;\"><strong>Email: <\/strong><\/span><a href=\"mailto:info@cafeandino.es\">info@cafeandino.es<\/a><\/p>\n<p>&nbsp;<\/p>\n<div id=\"gtx-trans\" style=\"position: absolute; left: -250px; top: -10px;\">\n<div class=\"gtx-trans-icon\"><\/div>\n<\/div>\n<p>\n\t\t\t\t\t\t<\/div>\n\n\t\t\t\t\t\t\t\t\t\t\t\t\n\t\t\t\t\t<\/div>\n\n\t\t\t\t\t\t\t\t\t<\/div>\n\t\t\t<\/div>\n\t\t\t\t\t<div class=\"info-box-wrapper \">\n\t\t\t\t<div id=\"wd-5f1858077c577\" class=\" woodmart-info-box text-left box-icon-align-left box-style- color-scheme- woodmart-bg-none box-title-small vc_custom_1595431015753\"  >\n\t\t\t\t\t\t\t\t\t\t\t<div class=\"box-icon-wrapper  box-with-icon box-icon-simple\">\n\t\t\t\t\t\t\t<div class=\"info-box-icon\">\n\n\t\t\t\t\t\t\t\n\t\t\t\t\t\t\t\t\t\t\t\t\t\t\t\t\t<img decoding=\"async\" class=\"info-icon image-1 \" src=\"https:\/\/cafeandino.es\/wp-content\/uploads\/2020\/07\/080-map-40x40.png\" width=\"40\" height=\"40\" alt=\"080-map\" title=\"080-map\" loading=\"lazy\" \/>\t\t\t\t\t\t\t\t\t\t\t\t\t\t\t\t\n\t\t\t\t\t\t\t\n\t\t\t\t\t\t\t<\/div>\n\t\t\t\t\t\t<\/div>\n\t\t\t\t\t\t\t\t\t\t<div class=\"info-box-content\">\n\t\t\t\t\t\t\t\t\t\t\t\t<div class=\"info-box-inner reset-mb-10\">\n\t\t\t\t\t\t\t<p><span style=\"color: #333333;\"><strong>Address:<\/strong><\/span> C\/ Esteban Salazar Chapela 16, Porton 5, Nave 114<br \/>\nPol\u00edgono Industrial Guadalhorce, M\u00e1laga<\/p>\n\t\t\t\t\t\t<\/div>\n\n\t\t\t\t\t\t\t\t\t\t\t\t\n\t\t\t\t\t<\/div>\n\n\t\t\t\t\t\t\t\t\t<\/div>\n\t\t\t<\/div>\n\t\t[\/vc_column_inner][\/vc_row_inner][vc_separator css=&#8221;.vc_custom_1484254145420{margin-bottom: 30px !important;}&#8221;][vc_column_text css=&#8221;.vc_custom_1595431085134{margin-bottom: 0px !important;}&#8221; text_larger=&#8221;no&#8221;]<!-- <span style=\"color: #333333;\"><strong>Do you have questions about how we can help your company?\n<a href=\"#\"><span class=\"color-primary\">Send us an email and we\u2019ll get in touch shortly.<\/span><\/a><\/strong><\/span> -->[\/vc_column_text][\/vc_column][vc_column offset=&#8221;vc_col-lg-6 vc_col-md-6&#8243; css=&#8221;.vc_custom_1612282344989{border-left-width: 1px !important;padding-top: 20px !important;padding-right: 40px !important;padding-bottom: 10px !important;padding-left: 40px !important;border-left-color: rgba(129,129,129,0.2) !important;border-left-style: solid !important;}&#8221; mobile_bg_img_hidden=&#8221;no&#8221; tablet_bg_img_hidden=&#8221;no&#8221; woodmart_parallax=&#8221;0&#8243; woodmart_sticky_column=&#8221;false&#8221; parallax_scroll=&#8221;no&#8221; mobile_reset_margin=&#8221;no&#8221; tablet_reset_margin=&#8221;no&#8221;]\t\t\n\t\t<div id=\"wd-5f1852d6e781c\" class=\"title-wrapper  woodmart-title-color-default woodmart-title-style-bordered woodmart-title-width-100 text-left woodmart-title-size-default vc_custom_1595429654571\">\n\t\t\t\t\t\t\n\t\t\t<div class=\"liner-continer\">\n\t\t\t\t<span class=\"left-line\"><\/span>\n\t\t\t\t<h4 class=\"woodmart-title-container title  woodmart-font-weight-\" >SEND US AN EMAIL<\/h4>\t\t\t\t\t\t\t\t<span class=\"right-line\"><\/span>\n\t\t\t<\/div>\n\t\t\t\n\t\t\t\t\t\t\n\t\t\t\t\t<\/div>\n\t\t\n\t\t\n<div class=\"wpcf7 no-js\" id=\"wpcf7-f6307-o1\" lang=\"en-US\" dir=\"ltr\" data-wpcf7-id=\"6307\">\n<div class=\"screen-reader-response\"><p role=\"status\" aria-live=\"polite\" aria-atomic=\"true\"><\/p> <ul><\/ul><\/div>\n<form action=\"\/en\/wp-json\/wp\/v2\/pages\/6304#wpcf7-f6307-o1\" method=\"post\" class=\"wpcf7-form init\" aria-label=\"Contact form\" novalidate=\"novalidate\" data-status=\"init\">\n<fieldset class=\"hidden-fields-container\"><input type=\"hidden\" name=\"_wpcf7\" value=\"6307\" \/><input type=\"hidden\" name=\"_wpcf7_version\" value=\"6.1.5\" \/><input type=\"hidden\" name=\"_wpcf7_locale\" value=\"en_US\" \/><input type=\"hidden\" name=\"_wpcf7_unit_tag\" value=\"wpcf7-f6307-o1\" \/><input type=\"hidden\" name=\"_wpcf7_container_post\" value=\"0\" \/><input type=\"hidden\" name=\"_wpcf7_posted_data_hash\" value=\"\" \/>\n<\/fieldset>\n[honeypot website-145]<div class=\"row\">\n<div class=\"col-md-6\" style=\"margin-bottom:20px;\"><label>Name<\/label><span class=\"wpcf7-form-control-wrap\" data-name=\"your-name\"><input size=\"40\" maxlength=\"400\" class=\"wpcf7-form-control wpcf7-text wpcf7-validates-as-required\" aria-required=\"true\" aria-invalid=\"false\" value=\"\" type=\"text\" name=\"your-name\" \/><\/span><\/div>\n<div class=\"col-md-6\" style=\"margin-bottom:20px;\"><label>Last Name<\/label><span class=\"wpcf7-form-control-wrap\" data-name=\"your-surname\"><input size=\"40\" maxlength=\"400\" class=\"wpcf7-form-control wpcf7-text wpcf7-validates-as-required\" aria-required=\"true\" aria-invalid=\"false\" value=\"\" type=\"text\" name=\"your-surname\" \/><\/span><\/div>\n<\/div>\n<div class=\"row\">\n<div class=\"col-md-6\" style=\"margin-bottom:20px;\"><label>Phone<\/label><span class=\"wpcf7-form-control-wrap\" data-name=\"tel-767\"><input size=\"40\" maxlength=\"9\" class=\"wpcf7-form-control wpcf7-tel wpcf7-validates-as-required wpcf7-text wpcf7-validates-as-tel\" aria-required=\"true\" aria-invalid=\"false\" value=\"\" type=\"tel\" name=\"tel-767\" \/><\/span><\/div>\n<div class=\"col-md-6\" style=\"margin-bottom:20px;\"><label>Email<\/label><span class=\"wpcf7-form-control-wrap\" data-name=\"your-email\"><input size=\"40\" maxlength=\"400\" class=\"wpcf7-form-control wpcf7-email wpcf7-validates-as-required wpcf7-text wpcf7-validates-as-email\" aria-required=\"true\" aria-invalid=\"false\" value=\"\" type=\"email\" name=\"your-email\" \/><\/span><\/div>\n<\/div>\n\n<p><label>Message<\/label><span class=\"wpcf7-form-control-wrap\" data-name=\"your-message\"><textarea cols=\"40\" rows=\"10\" maxlength=\"500\" minlength=\"80\" class=\"wpcf7-form-control wpcf7-textarea\" aria-invalid=\"false\" name=\"your-message\"><\/textarea><\/span><\/p>\n<p><span class=\"wpcf7-form-control-wrap\" data-name=\"acceptance-68\"><span class=\"wpcf7-form-control wpcf7-acceptance\"><span class=\"wpcf7-list-item\"><input type=\"checkbox\" name=\"acceptance-68\" value=\"1\" aria-invalid=\"false\" \/><\/span><\/span><\/span> I've read and accept the P<a href=\"\/andino\/politica-privacidad\/\" target=\"_blank\">rivacy Policy<\/a> and <a href=\"\/andino\/aviso-legal\/\" target=\"_blank\">Legal Advice.<\/a><\/p>\n<p><input class=\"wpcf7-form-control wpcf7-submit has-spinner btn-color-black\" type=\"submit\" value=\"Enviar\" \/><\/p><input type=\"hidden\" id=\"ct_checkjs_cf7_1141938ba2c2b13f5505d7c424ebae5f\" name=\"ct_checkjs_cf7\" value=\"0\" \/><script >setTimeout(function(){var ct_input_name = \"ct_checkjs_cf7_1141938ba2c2b13f5505d7c424ebae5f\";if (document.getElementById(ct_input_name) !== null) {var ct_input_value = document.getElementById(ct_input_name).value;document.getElementById(ct_input_name).value = document.getElementById(ct_input_name).value.replace(ct_input_value, '2f3cea431f4d35ee0451e4ade967fbdabff7dae2ca2016a2d701c77739d72115');}}, 1000);<\/script><input\n                    class=\"apbct_special_field apbct_email_id__wp_contact_form_7\"\n                    name=\"apbct__email_id__wp_contact_form_7\"\n                    aria-label=\"apbct__label_id__wp_contact_form_7\"\n                    type=\"text\" size=\"30\" maxlength=\"200\" autocomplete=\"off\"\n                    value=\"\"\n                \/><div class=\"wpcf7-response-output\" aria-hidden=\"true\"><\/div>\n<\/form>\n<\/div>\n[\/vc_column][\/vc_row]<\/p>\n<\/div>","protected":false},"excerpt":{"rendered":"<p>[vc_row][vc_column][\/vc_column][\/vc_row][vc_row equal_height=&#8221;yes&#8221; css_animation=&#8221;fadeIn&#8221; css=&#8221;.vc_custom_1612281730307{margin-right: -40px !important;margin-bottom: 60px !important;margin-left: -40px !important;}&#8221; mobile_bg_img_hidden=&#8221;no&#8221; tablet_bg_img_hidden=&#8221;no&#8221; woodmart_parallax=&#8221;0&#8243; woodmart_gradient_switch=&#8221;no&#8221; row_reverse_mobile=&#8221;0&#8243; row_reverse_tablet=&#8221;0&#8243; woodmart_disable_overflow=&#8221;0&#8243;][vc_column offset=&#8221;vc_col-lg-6 vc_col-md-6&#8243; css=&#8221;.vc_custom_1496932331302{padding-top:<\/p>\n","protected":false},"author":1,"featured_media":0,"parent":0,"menu_order":0,"comment_status":"closed","ping_status":"closed","template":"","meta":{"_joinchat":[],"footnotes":""},"class_list":["post-6304","page","type-page","status-publish","hentry"],"yoast_head":"<!-- This site is optimized with the Yoast SEO plugin v27.3 - https:\/\/yoast.com\/product\/yoast-seo-wordpress\/ -->\n<title>Contact - Caf\u00e9 Andino<\/title>\n<meta name=\"robots\" content=\"index, follow, max-snippet:-1, max-image-preview:large, max-video-preview:-1\" \/>\n<link rel=\"canonical\" href=\"https:\/\/cafeandino.es\/en\/contact\/\" \/>\n<meta property=\"og:locale\" content=\"en_US\" \/>\n<meta property=\"og:type\" content=\"article\" \/>\n<meta property=\"og:title\" content=\"Contact - Caf\u00e9 Andino\" \/>\n<meta property=\"og:description\" content=\"[vc_row][vc_column][\/vc_column][\/vc_row][vc_row equal_height=&#8221;yes&#8221; css_animation=&#8221;fadeIn&#8221; css=&#8221;.vc_custom_1612281730307{margin-right: -40px !important;margin-bottom: 60px !important;margin-left: -40px !important;}&#8221; mobile_bg_img_hidden=&#8221;no&#8221; tablet_bg_img_hidden=&#8221;no&#8221; woodmart_parallax=&#8221;0&#8243; woodmart_gradient_switch=&#8221;no&#8221; row_reverse_mobile=&#8221;0&#8243; row_reverse_tablet=&#8221;0&#8243; woodmart_disable_overflow=&#8221;0&#8243;][vc_column offset=&#8221;vc_col-lg-6 vc_col-md-6&#8243; css=&#8221;.vc_custom_1496932331302{padding-top:\" \/>\n<meta property=\"og:url\" content=\"https:\/\/cafeandino.es\/en\/contact\/\" \/>\n<meta property=\"og:site_name\" content=\"Caf\u00e9 Andino\" \/>\n<meta property=\"article:publisher\" content=\"https:\/\/www.facebook.com\/Cafe-Andino-Spain-106308951100142\" \/>\n<meta property=\"article:modified_time\" content=\"2023-04-18T12:33:56+00:00\" \/>\n<meta name=\"twitter:card\" content=\"summary_large_image\" \/>\n<meta name=\"twitter:label1\" content=\"Est. reading time\" \/>\n\t<meta name=\"twitter:data1\" content=\"1 minute\" \/>\n<script type=\"application\/ld+json\" class=\"yoast-schema-graph\">{\"@context\":\"https:\\\/\\\/schema.org\",\"@graph\":[{\"@type\":\"WebPage\",\"@id\":\"https:\\\/\\\/cafeandino.es\\\/en\\\/contact\\\/\",\"url\":\"https:\\\/\\\/cafeandino.es\\\/en\\\/contact\\\/\",\"name\":\"Contact - Caf\u00e9 Andino\",\"isPartOf\":{\"@id\":\"https:\\\/\\\/cafeandino.es\\\/#website\"},\"datePublished\":\"2017-06-27T06:20:05+00:00\",\"dateModified\":\"2023-04-18T12:33:56+00:00\",\"breadcrumb\":{\"@id\":\"https:\\\/\\\/cafeandino.es\\\/en\\\/contact\\\/#breadcrumb\"},\"inLanguage\":\"en-US\",\"potentialAction\":[{\"@type\":\"ReadAction\",\"target\":[\"https:\\\/\\\/cafeandino.es\\\/en\\\/contact\\\/\"]}]},{\"@type\":\"BreadcrumbList\",\"@id\":\"https:\\\/\\\/cafeandino.es\\\/en\\\/contact\\\/#breadcrumb\",\"itemListElement\":[{\"@type\":\"ListItem\",\"position\":1,\"name\":\"Portada\",\"item\":\"https:\\\/\\\/cafeandino.es\\\/en\\\/home\\\/\"},{\"@type\":\"ListItem\",\"position\":2,\"name\":\"Contact\"}]},{\"@type\":\"WebSite\",\"@id\":\"https:\\\/\\\/cafeandino.es\\\/#website\",\"url\":\"https:\\\/\\\/cafeandino.es\\\/\",\"name\":\"Caf\u00e9 Andino\",\"description\":\"Aut\u00e9ntico Caf\u00e9 de Colombia seleccionado para obtener el mejor caf\u00e9\",\"publisher\":{\"@id\":\"https:\\\/\\\/cafeandino.es\\\/#organization\"},\"potentialAction\":[{\"@type\":\"SearchAction\",\"target\":{\"@type\":\"EntryPoint\",\"urlTemplate\":\"https:\\\/\\\/cafeandino.es\\\/?s={search_term_string}\"},\"query-input\":{\"@type\":\"PropertyValueSpecification\",\"valueRequired\":true,\"valueName\":\"search_term_string\"}}],\"inLanguage\":\"en-US\"},{\"@type\":\"Organization\",\"@id\":\"https:\\\/\\\/cafeandino.es\\\/#organization\",\"name\":\"Caf\u00e9 Andino\",\"url\":\"https:\\\/\\\/cafeandino.es\\\/\",\"logo\":{\"@type\":\"ImageObject\",\"inLanguage\":\"en-US\",\"@id\":\"https:\\\/\\\/cafeandino.es\\\/#\\\/schema\\\/logo\\\/image\\\/\",\"url\":\"https:\\\/\\\/cafeandino.es\\\/wp-content\\\/uploads\\\/2021\\\/01\\\/LOGO-WEB-1.png\",\"contentUrl\":\"https:\\\/\\\/cafeandino.es\\\/wp-content\\\/uploads\\\/2021\\\/01\\\/LOGO-WEB-1.png\",\"width\":625,\"height\":208,\"caption\":\"Caf\u00e9 Andino\"},\"image\":{\"@id\":\"https:\\\/\\\/cafeandino.es\\\/#\\\/schema\\\/logo\\\/image\\\/\"},\"sameAs\":[\"https:\\\/\\\/www.facebook.com\\\/Cafe-Andino-Spain-106308951100142\",\"https:\\\/\\\/www.instagram.com\\\/cafeandinospain\\\/\"]}]}<\/script>\n<!-- \/ Yoast SEO plugin. -->","yoast_head_json":{"title":"Contact - Caf\u00e9 Andino","robots":{"index":"index","follow":"follow","max-snippet":"max-snippet:-1","max-image-preview":"max-image-preview:large","max-video-preview":"max-video-preview:-1"},"canonical":"https:\/\/cafeandino.es\/en\/contact\/","og_locale":"en_US","og_type":"article","og_title":"Contact - Caf\u00e9 Andino","og_description":"[vc_row][vc_column][\/vc_column][\/vc_row][vc_row equal_height=&#8221;yes&#8221; css_animation=&#8221;fadeIn&#8221; css=&#8221;.vc_custom_1612281730307{margin-right: -40px !important;margin-bottom: 60px !important;margin-left: -40px !important;}&#8221; mobile_bg_img_hidden=&#8221;no&#8221; tablet_bg_img_hidden=&#8221;no&#8221; woodmart_parallax=&#8221;0&#8243; woodmart_gradient_switch=&#8221;no&#8221; row_reverse_mobile=&#8221;0&#8243; row_reverse_tablet=&#8221;0&#8243; woodmart_disable_overflow=&#8221;0&#8243;][vc_column offset=&#8221;vc_col-lg-6 vc_col-md-6&#8243; css=&#8221;.vc_custom_1496932331302{padding-top:","og_url":"https:\/\/cafeandino.es\/en\/contact\/","og_site_name":"Caf\u00e9 Andino","article_publisher":"https:\/\/www.facebook.com\/Cafe-Andino-Spain-106308951100142","article_modified_time":"2023-04-18T12:33:56+00:00","twitter_card":"summary_large_image","twitter_misc":{"Est. reading time":"1 minute"},"schema":{"@context":"https:\/\/schema.org","@graph":[{"@type":"WebPage","@id":"https:\/\/cafeandino.es\/en\/contact\/","url":"https:\/\/cafeandino.es\/en\/contact\/","name":"Contact - Caf\u00e9 Andino","isPartOf":{"@id":"https:\/\/cafeandino.es\/#website"},"datePublished":"2017-06-27T06:20:05+00:00","dateModified":"2023-04-18T12:33:56+00:00","breadcrumb":{"@id":"https:\/\/cafeandino.es\/en\/contact\/#breadcrumb"},"inLanguage":"en-US","potentialAction":[{"@type":"ReadAction","target":["https:\/\/cafeandino.es\/en\/contact\/"]}]},{"@type":"BreadcrumbList","@id":"https:\/\/cafeandino.es\/en\/contact\/#breadcrumb","itemListElement":[{"@type":"ListItem","position":1,"name":"Portada","item":"https:\/\/cafeandino.es\/en\/home\/"},{"@type":"ListItem","position":2,"name":"Contact"}]},{"@type":"WebSite","@id":"https:\/\/cafeandino.es\/#website","url":"https:\/\/cafeandino.es\/","name":"Caf\u00e9 Andino","description":"Aut\u00e9ntico Caf\u00e9 de Colombia seleccionado para obtener el mejor caf\u00e9","publisher":{"@id":"https:\/\/cafeandino.es\/#organization"},"potentialAction":[{"@type":"SearchAction","target":{"@type":"EntryPoint","urlTemplate":"https:\/\/cafeandino.es\/?s={search_term_string}"},"query-input":{"@type":"PropertyValueSpecification","valueRequired":true,"valueName":"search_term_string"}}],"inLanguage":"en-US"},{"@type":"Organization","@id":"https:\/\/cafeandino.es\/#organization","name":"Caf\u00e9 Andino","url":"https:\/\/cafeandino.es\/","logo":{"@type":"ImageObject","inLanguage":"en-US","@id":"https:\/\/cafeandino.es\/#\/schema\/logo\/image\/","url":"https:\/\/cafeandino.es\/wp-content\/uploads\/2021\/01\/LOGO-WEB-1.png","contentUrl":"https:\/\/cafeandino.es\/wp-content\/uploads\/2021\/01\/LOGO-WEB-1.png","width":625,"height":208,"caption":"Caf\u00e9 Andino"},"image":{"@id":"https:\/\/cafeandino.es\/#\/schema\/logo\/image\/"},"sameAs":["https:\/\/www.facebook.com\/Cafe-Andino-Spain-106308951100142","https:\/\/www.instagram.com\/cafeandinospain\/"]}]}},"_links":{"self":[{"href":"https:\/\/cafeandino.es\/en\/wp-json\/wp\/v2\/pages\/6304","targetHints":{"allow":["GET"]}}],"collection":[{"href":"https:\/\/cafeandino.es\/en\/wp-json\/wp\/v2\/pages"}],"about":[{"href":"https:\/\/cafeandino.es\/en\/wp-json\/wp\/v2\/types\/page"}],"author":[{"embeddable":true,"href":"https:\/\/cafeandino.es\/en\/wp-json\/wp\/v2\/users\/1"}],"replies":[{"embeddable":true,"href":"https:\/\/cafeandino.es\/en\/wp-json\/wp\/v2\/comments?post=6304"}],"version-history":[{"count":2,"href":"https:\/\/cafeandino.es\/en\/wp-json\/wp\/v2\/pages\/6304\/revisions"}],"predecessor-version":[{"id":6306,"href":"https:\/\/cafeandino.es\/en\/wp-json\/wp\/v2\/pages\/6304\/revisions\/6306"}],"wp:attachment":[{"href":"https:\/\/cafeandino.es\/en\/wp-json\/wp\/v2\/media?parent=6304"}],"curies":[{"name":"wp","href":"https:\/\/api.w.org\/{rel}","templated":true}]}}