{"id":6289,"date":"2022-10-04T14:14:52","date_gmt":"2022-10-04T14:14:52","guid":{"rendered":"https:\/\/cafeandino.es\/french-press-how-to-prepare\/"},"modified":"2023-04-12T18:22:44","modified_gmt":"2023-04-12T18:22:44","slug":"french-press-how-to-prepare","status":"publish","type":"page","link":"https:\/\/cafeandino.es\/en\/french-press-how-to-prepare\/","title":{"rendered":"French Press &#8211; How to prepare?"},"content":{"rendered":"<div class=\"wpb-content-wrapper\"><p>[vc_row][vc_column]\t\t\n\t\t<div id=\"wd-633c4001a5eaa\" class=\"title-wrapper  woodmart-title-color-default woodmart-title-style-default woodmart-title-width-100 text-center woodmart-title-size-default \">\n\t\t\t\t\t\t\n\t\t\t<div class=\"liner-continer\">\n\t\t\t\t<span class=\"left-line\"><\/span>\n\t\t\t\t<h4 class=\"woodmart-title-container title  woodmart-font-weight-\" >FRENCH PRESS<\/h4>\t\t\t\t\t\t\t\t<span class=\"right-line\"><\/span>\n\t\t\t<\/div>\n\t\t\t\n\t\t\t\t\t\t\n\t\t\t\t\t<\/div>\n\t\t\n\t\t[vc_single_image image=&#8221;3969&#8243; img_size=&#8221;full&#8221; alignment=&#8221;center&#8221; parallax_scroll=&#8221;no&#8221;][\/vc_column][\/vc_row][vc_row css=&#8221;.vc_custom_1664908489934{padding-right: 5% !important;padding-left: 5% !important;}&#8221; mobile_bg_img_hidden=&#8221;no&#8221; tablet_bg_img_hidden=&#8221;no&#8221; woodmart_parallax=&#8221;0&#8243; woodmart_gradient_switch=&#8221;no&#8221; row_reverse_mobile=&#8221;0&#8243; row_reverse_tablet=&#8221;0&#8243; woodmart_disable_overflow=&#8221;0&#8243;][vc_column][vc_column_text text_larger=&#8221;no&#8221;]<\/p>\n<h5>STEP 1<\/h5>\n<p>We recommend always using filtered water. Boil the exact amount of water needed for your coffee maker and set it aside.<\/p>\n<h5>STEP 2<\/h5>\n<p>It is very important to have the right grind for your French press.<\/p>\n<h5>STEP 3<\/h5>\n<p>Add 1 to 2 teaspoons of ground coffee per cup to your coffee maker.<\/p>\n<h5>STEP 4<\/h5>\n<p>You can adjust the amount of coffee and water based on your personal taste: if you like a stronger coffee, add more coffee, or if you prefer a milder drink, then add a little less coffee.<\/p>\n<h5>STEP 5<\/h5>\n<p>Make sure to never add boiling water to the French press or leave it on the heat for more than 15 minutes. Once you have added the water, stir, cover, and let the coffee steep for a few minutes.<\/p>\n<h5>STEP 6<\/h5>\n<p>Once the appropriate time has passed, push\/filter the coffee grounds to the bottom of the press and serve carefully.<\/p>\n<p><i>Storage: Once opened, store the coffee in an airtight container in a cool, dry place. For optimal flavor, it is recommended to grind the coffee just before brewing. To obtain optimal flavor, it is advisable to grind the coffee just before preparing it.<\/i>[\/vc_column_text][\/vc_column][\/vc_row]<\/p>\n<\/div>","protected":false},"excerpt":{"rendered":"<p>[vc_row][vc_column][vc_single_image image=&#8221;3969&#8243; img_size=&#8221;full&#8221; alignment=&#8221;center&#8221; parallax_scroll=&#8221;no&#8221;][\/vc_column][\/vc_row][vc_row css=&#8221;.vc_custom_1664908489934{padding-right: 5% !important;padding-left: 5% !important;}&#8221; mobile_bg_img_hidden=&#8221;no&#8221; tablet_bg_img_hidden=&#8221;no&#8221; woodmart_parallax=&#8221;0&#8243; woodmart_gradient_switch=&#8221;no&#8221; row_reverse_mobile=&#8221;0&#8243; row_reverse_tablet=&#8221;0&#8243; woodmart_disable_overflow=&#8221;0&#8243;][vc_column][vc_column_text text_larger=&#8221;no&#8221;] STEP 1<\/p>\n","protected":false},"author":1,"featured_media":0,"parent":0,"menu_order":0,"comment_status":"closed","ping_status":"closed","template":"","meta":{"_joinchat":[],"footnotes":""},"class_list":["post-6289","page","type-page","status-publish","hentry"],"yoast_head":"<!-- This site is optimized with the Yoast SEO plugin v27.4 - https:\/\/yoast.com\/product\/yoast-seo-wordpress\/ -->\n<title>French Press - How to prepare? - Caf\u00e9 Andino<\/title>\n<meta name=\"robots\" content=\"index, follow, max-snippet:-1, max-image-preview:large, max-video-preview:-1\" \/>\n<link rel=\"canonical\" href=\"https:\/\/cafeandino.es\/en\/french-press-how-to-prepare\/\" \/>\n<meta property=\"og:locale\" content=\"en_US\" \/>\n<meta property=\"og:type\" content=\"article\" \/>\n<meta property=\"og:title\" content=\"French Press - How to prepare? - Caf\u00e9 Andino\" \/>\n<meta property=\"og:description\" content=\"[vc_row][vc_column][vc_single_image image=&#8221;3969&#8243; img_size=&#8221;full&#8221; alignment=&#8221;center&#8221; parallax_scroll=&#8221;no&#8221;][\/vc_column][\/vc_row][vc_row css=&#8221;.vc_custom_1664908489934{padding-right: 5% !important;padding-left: 5% !important;}&#8221; mobile_bg_img_hidden=&#8221;no&#8221; tablet_bg_img_hidden=&#8221;no&#8221; woodmart_parallax=&#8221;0&#8243; woodmart_gradient_switch=&#8221;no&#8221; row_reverse_mobile=&#8221;0&#8243; row_reverse_tablet=&#8221;0&#8243; woodmart_disable_overflow=&#8221;0&#8243;][vc_column][vc_column_text text_larger=&#8221;no&#8221;] STEP 1\" \/>\n<meta property=\"og:url\" content=\"https:\/\/cafeandino.es\/en\/french-press-how-to-prepare\/\" \/>\n<meta property=\"og:site_name\" content=\"Caf\u00e9 Andino\" \/>\n<meta property=\"article:publisher\" content=\"https:\/\/www.facebook.com\/Cafe-Andino-Spain-106308951100142\" \/>\n<meta property=\"article:modified_time\" content=\"2023-04-12T18:22:44+00:00\" \/>\n<meta name=\"twitter:card\" content=\"summary_large_image\" \/>\n<meta name=\"twitter:label1\" content=\"Est. reading time\" \/>\n\t<meta name=\"twitter:data1\" content=\"1 minute\" \/>\n<script type=\"application\/ld+json\" class=\"yoast-schema-graph\">{\"@context\":\"https:\\\/\\\/schema.org\",\"@graph\":[{\"@type\":\"WebPage\",\"@id\":\"https:\\\/\\\/cafeandino.es\\\/en\\\/french-press-how-to-prepare\\\/\",\"url\":\"https:\\\/\\\/cafeandino.es\\\/en\\\/french-press-how-to-prepare\\\/\",\"name\":\"French Press - How to prepare? - Caf\u00e9 Andino\",\"isPartOf\":{\"@id\":\"https:\\\/\\\/cafeandino.es\\\/#website\"},\"datePublished\":\"2022-10-04T14:14:52+00:00\",\"dateModified\":\"2023-04-12T18:22:44+00:00\",\"breadcrumb\":{\"@id\":\"https:\\\/\\\/cafeandino.es\\\/en\\\/french-press-how-to-prepare\\\/#breadcrumb\"},\"inLanguage\":\"en-US\",\"potentialAction\":[{\"@type\":\"ReadAction\",\"target\":[\"https:\\\/\\\/cafeandino.es\\\/en\\\/french-press-how-to-prepare\\\/\"]}]},{\"@type\":\"BreadcrumbList\",\"@id\":\"https:\\\/\\\/cafeandino.es\\\/en\\\/french-press-how-to-prepare\\\/#breadcrumb\",\"itemListElement\":[{\"@type\":\"ListItem\",\"position\":1,\"name\":\"Portada\",\"item\":\"https:\\\/\\\/cafeandino.es\\\/en\\\/home\\\/\"},{\"@type\":\"ListItem\",\"position\":2,\"name\":\"French Press &#8211; How to prepare?\"}]},{\"@type\":\"WebSite\",\"@id\":\"https:\\\/\\\/cafeandino.es\\\/#website\",\"url\":\"https:\\\/\\\/cafeandino.es\\\/\",\"name\":\"Caf\u00e9 Andino\",\"description\":\"Aut\u00e9ntico Caf\u00e9 de Colombia seleccionado para obtener el mejor caf\u00e9\",\"publisher\":{\"@id\":\"https:\\\/\\\/cafeandino.es\\\/#organization\"},\"potentialAction\":[{\"@type\":\"SearchAction\",\"target\":{\"@type\":\"EntryPoint\",\"urlTemplate\":\"https:\\\/\\\/cafeandino.es\\\/?s={search_term_string}\"},\"query-input\":{\"@type\":\"PropertyValueSpecification\",\"valueRequired\":true,\"valueName\":\"search_term_string\"}}],\"inLanguage\":\"en-US\"},{\"@type\":\"Organization\",\"@id\":\"https:\\\/\\\/cafeandino.es\\\/#organization\",\"name\":\"Caf\u00e9 Andino\",\"url\":\"https:\\\/\\\/cafeandino.es\\\/\",\"logo\":{\"@type\":\"ImageObject\",\"inLanguage\":\"en-US\",\"@id\":\"https:\\\/\\\/cafeandino.es\\\/#\\\/schema\\\/logo\\\/image\\\/\",\"url\":\"https:\\\/\\\/cafeandino.es\\\/wp-content\\\/uploads\\\/2021\\\/01\\\/LOGO-WEB-1.png\",\"contentUrl\":\"https:\\\/\\\/cafeandino.es\\\/wp-content\\\/uploads\\\/2021\\\/01\\\/LOGO-WEB-1.png\",\"width\":625,\"height\":208,\"caption\":\"Caf\u00e9 Andino\"},\"image\":{\"@id\":\"https:\\\/\\\/cafeandino.es\\\/#\\\/schema\\\/logo\\\/image\\\/\"},\"sameAs\":[\"https:\\\/\\\/www.facebook.com\\\/Cafe-Andino-Spain-106308951100142\",\"https:\\\/\\\/www.instagram.com\\\/cafeandinospain\\\/\"]}]}<\/script>\n<!-- \/ Yoast SEO plugin. -->","yoast_head_json":{"title":"French Press - How to prepare? - Caf\u00e9 Andino","robots":{"index":"index","follow":"follow","max-snippet":"max-snippet:-1","max-image-preview":"max-image-preview:large","max-video-preview":"max-video-preview:-1"},"canonical":"https:\/\/cafeandino.es\/en\/french-press-how-to-prepare\/","og_locale":"en_US","og_type":"article","og_title":"French Press - How to prepare? - Caf\u00e9 Andino","og_description":"[vc_row][vc_column][vc_single_image image=&#8221;3969&#8243; img_size=&#8221;full&#8221; alignment=&#8221;center&#8221; parallax_scroll=&#8221;no&#8221;][\/vc_column][\/vc_row][vc_row css=&#8221;.vc_custom_1664908489934{padding-right: 5% !important;padding-left: 5% !important;}&#8221; mobile_bg_img_hidden=&#8221;no&#8221; tablet_bg_img_hidden=&#8221;no&#8221; woodmart_parallax=&#8221;0&#8243; woodmart_gradient_switch=&#8221;no&#8221; row_reverse_mobile=&#8221;0&#8243; row_reverse_tablet=&#8221;0&#8243; woodmart_disable_overflow=&#8221;0&#8243;][vc_column][vc_column_text text_larger=&#8221;no&#8221;] STEP 1","og_url":"https:\/\/cafeandino.es\/en\/french-press-how-to-prepare\/","og_site_name":"Caf\u00e9 Andino","article_publisher":"https:\/\/www.facebook.com\/Cafe-Andino-Spain-106308951100142","article_modified_time":"2023-04-12T18:22:44+00:00","twitter_card":"summary_large_image","twitter_misc":{"Est. reading time":"1 minute"},"schema":{"@context":"https:\/\/schema.org","@graph":[{"@type":"WebPage","@id":"https:\/\/cafeandino.es\/en\/french-press-how-to-prepare\/","url":"https:\/\/cafeandino.es\/en\/french-press-how-to-prepare\/","name":"French Press - How to prepare? - Caf\u00e9 Andino","isPartOf":{"@id":"https:\/\/cafeandino.es\/#website"},"datePublished":"2022-10-04T14:14:52+00:00","dateModified":"2023-04-12T18:22:44+00:00","breadcrumb":{"@id":"https:\/\/cafeandino.es\/en\/french-press-how-to-prepare\/#breadcrumb"},"inLanguage":"en-US","potentialAction":[{"@type":"ReadAction","target":["https:\/\/cafeandino.es\/en\/french-press-how-to-prepare\/"]}]},{"@type":"BreadcrumbList","@id":"https:\/\/cafeandino.es\/en\/french-press-how-to-prepare\/#breadcrumb","itemListElement":[{"@type":"ListItem","position":1,"name":"Portada","item":"https:\/\/cafeandino.es\/en\/home\/"},{"@type":"ListItem","position":2,"name":"French Press &#8211; How to prepare?"}]},{"@type":"WebSite","@id":"https:\/\/cafeandino.es\/#website","url":"https:\/\/cafeandino.es\/","name":"Caf\u00e9 Andino","description":"Aut\u00e9ntico Caf\u00e9 de Colombia seleccionado para obtener el mejor caf\u00e9","publisher":{"@id":"https:\/\/cafeandino.es\/#organization"},"potentialAction":[{"@type":"SearchAction","target":{"@type":"EntryPoint","urlTemplate":"https:\/\/cafeandino.es\/?s={search_term_string}"},"query-input":{"@type":"PropertyValueSpecification","valueRequired":true,"valueName":"search_term_string"}}],"inLanguage":"en-US"},{"@type":"Organization","@id":"https:\/\/cafeandino.es\/#organization","name":"Caf\u00e9 Andino","url":"https:\/\/cafeandino.es\/","logo":{"@type":"ImageObject","inLanguage":"en-US","@id":"https:\/\/cafeandino.es\/#\/schema\/logo\/image\/","url":"https:\/\/cafeandino.es\/wp-content\/uploads\/2021\/01\/LOGO-WEB-1.png","contentUrl":"https:\/\/cafeandino.es\/wp-content\/uploads\/2021\/01\/LOGO-WEB-1.png","width":625,"height":208,"caption":"Caf\u00e9 Andino"},"image":{"@id":"https:\/\/cafeandino.es\/#\/schema\/logo\/image\/"},"sameAs":["https:\/\/www.facebook.com\/Cafe-Andino-Spain-106308951100142","https:\/\/www.instagram.com\/cafeandinospain\/"]}]}},"_links":{"self":[{"href":"https:\/\/cafeandino.es\/en\/wp-json\/wp\/v2\/pages\/6289","targetHints":{"allow":["GET"]}}],"collection":[{"href":"https:\/\/cafeandino.es\/en\/wp-json\/wp\/v2\/pages"}],"about":[{"href":"https:\/\/cafeandino.es\/en\/wp-json\/wp\/v2\/types\/page"}],"author":[{"embeddable":true,"href":"https:\/\/cafeandino.es\/en\/wp-json\/wp\/v2\/users\/1"}],"replies":[{"embeddable":true,"href":"https:\/\/cafeandino.es\/en\/wp-json\/wp\/v2\/comments?post=6289"}],"version-history":[{"count":2,"href":"https:\/\/cafeandino.es\/en\/wp-json\/wp\/v2\/pages\/6289\/revisions"}],"predecessor-version":[{"id":6291,"href":"https:\/\/cafeandino.es\/en\/wp-json\/wp\/v2\/pages\/6289\/revisions\/6291"}],"wp:attachment":[{"href":"https:\/\/cafeandino.es\/en\/wp-json\/wp\/v2\/media?parent=6289"}],"curies":[{"name":"wp","href":"https:\/\/api.w.org\/{rel}","templated":true}]}}