{"id":6283,"date":"2022-10-07T12:53:32","date_gmt":"2022-10-07T12:53:32","guid":{"rendered":"https:\/\/cafeandino.es\/tips\/"},"modified":"2023-04-12T19:02:52","modified_gmt":"2023-04-12T19:02:52","slug":"tips","status":"publish","type":"page","link":"https:\/\/cafeandino.es\/en\/tips\/","title":{"rendered":"Tips"},"content":{"rendered":"<div class=\"wpb-content-wrapper\"><p>[vc_row el_id=&#8221;tips&#8221; mobile_bg_img_hidden=&#8221;no&#8221; tablet_bg_img_hidden=&#8221;no&#8221; woodmart_parallax=&#8221;0&#8243; woodmart_gradient_switch=&#8221;no&#8221; row_reverse_mobile=&#8221;0&#8243; row_reverse_tablet=&#8221;0&#8243; woodmart_disable_overflow=&#8221;0&#8243;][vc_column]\t\t\n\t\t<div id=\"wd-634ed45ce5a4d\" class=\"title-wrapper  woodmart-title-color-default woodmart-title-style-default woodmart-title-width-100 text-center tit_ woodmart-title-size-custom vc_custom_1666110431156\">\n\t\t\t\t\t\t\n\t\t\t<div class=\"liner-continer\">\n\t\t\t\t<span class=\"left-line\"><\/span>\n\t\t\t\t<h4 class=\"woodmart-title-container title  woodmart-font-weight-400\" >How do I prepare my coffee at home?<\/h4>\t\t\t\t\t\t\t\t<span class=\"right-line\"><\/span>\n\t\t\t<\/div>\n\t\t\t\n\t\t\t\t\t\t\n\t\t\t\t\t<\/div>\n\t\t\n\t\t[vc_single_image image=&#8221;4016&#8243; img_size=&#8221;full&#8221; alignment=&#8221;center&#8221; parallax_scroll=&#8221;no&#8221; el_class=&#8221;img_p&#8221;][vc_raw_html]JTNDZGl2JTIwY2xhc3MlM0QlMjJ0aXBzXyUyMiUzRSUwQSUzQ2RpdiUyMGNsYXNzJTNEJTIydGlwXyUyMiUyMHN0eWxlJTNEJTIyYmFja2dyb3VuZC1pbWFnZSUzQSUyMHVybCUyOCUyN2h0dHBzJTNBJTJGJTJGY2FmZWFuZGluby5lcyUyRndwLWNvbnRlbnQlMkZ1cGxvYWRzJTJGMjAyMiUyRjEwJTJGSU1HXzExMTctbWluLmpwZyUyNyUyOSUyMiUzRSUzQ2ElMjBocmVmJTNEJTIyaHR0cHMlM0ElMkYlMkZjYWZlYW5kaW5vLmVzJTJGZW4lMkZmcmVuY2gtcHJlc3MtaG93LXRvLXByZXBhcmUlMkYlMjIlMjBjbGFzcyUzRCUyMmJnXyUyMiUzRSUzQ3NwYW4lM0VGUkVOQ0glMjBQUkVTUyUzQyUyRnNwYW4lM0UlM0MlMkZhJTNFJTNDaW1nJTIwc3JjJTNEJTIyJTJGJTJGY2RuLnNob3BpZnkuY29tJTJGcyUyRmZpbGVzJTJGMSUyRjI5OTIlMkY3MzQ0JTJGZmlsZXMlMkZpbWFnZS1icmV3dGlwc18wMDAzX2ZyZW5jaHByZXNzX3RodW1iXzFhODViYjU4LTRmYjQtNGJjZC1iNzI2LWUwMTgwMTAxNGFjYl8xMjgweDEyODAucG5nJTNGdiUzRDE2MTM1NzQ2NDElMjIlM0UlM0MlMkZkaXYlM0UlMEElM0NkaXYlMjBjbGFzcyUzRCUyMnRpcF8lMjIlMjBzdHlsZSUzRCUyMmJhY2tncm91bmQtaW1hZ2UlM0ElMjB1cmwlMjglMjdodHRwcyUzQSUyRiUyRmNhZmVhbmRpbm8uZXMlMkZ3cC1jb250ZW50JTJGdXBsb2FkcyUyRjIwMjIlMkYxMCUyRklNR18xMTIzLmpwZyUyNyUyOSUyMiUzRSUzQ2ElMjBocmVmJTNEJTIyaHR0cHMlM0ElMkYlMkZjYWZlYW5kaW5vLmVzJTJGZW4lMkZkcmlwLXBhcGVyLWZpbHRlci1ob3ctdG8tcHJlcGFyZSUyRiUyMiUyMGNsYXNzJTNEJTIyYmdfJTIyJTNFJTNDc3BhbiUzRURSSVAlMjAlMjhQQVBFUiUyMEZJTFRFUiUyOSUzQyUyRnNwYW4lM0UlM0MlMkZhJTNFJTNDaW1nJTIwc3JjJTNEJTIyJTJGJTJGY2RuLnNob3BpZnkuY29tJTJGcyUyRmZpbGVzJTJGMSUyRjI5OTIlMkY3MzQ0JTJGZmlsZXMlMkZpbWFnZS1icmV3dGlwc18wMDAzX2ZyZW5jaHByZXNzX3RodW1iXzFhODViYjU4LTRmYjQtNGJjZC1iNzI2LWUwMTgwMTAxNGFjYl8xMjgweDEyODAucG5nJTNGdiUzRDE2MTM1NzQ2NDElMjIlM0UlM0MlMkZkaXYlM0UlMEElM0NkaXYlMjBjbGFzcyUzRCUyMnRpcF8lMjIlMjBzdHlsZSUzRCUyMmJhY2tncm91bmQtaW1hZ2UlM0ElMjB1cmwlMjglMjdodHRwcyUzQSUyRiUyRmNhZmVhbmRpbm8uZXMlMkZ3cC1jb250ZW50JTJGdXBsb2FkcyUyRjIwMjIlMkYxMCUyRklNR18xMjA5LmpwZyUyNyUyOSUyMiUzRSUzQ2ElMjBocmVmJTNEJTIyaHR0cHMlM0ElMkYlMkZjYWZlYW5kaW5vLmVzJTJGZW4lMkZtb2thLWNvZmZlZS1ob3ctdG8tcHJlcGFyZSUyRiUyMiUyMGNsYXNzJTNEJTIyYmdfJTIyJTNFJTNDc3BhbiUzRU1PS0ElMjBDT0ZGRUUlMjBNQUtFUiUzQyUyRnNwYW4lM0UlM0MlMkZhJTNFJTNDaW1nJTIwc3JjJTNEJTIyJTJGJTJGY2RuLnNob3BpZnkuY29tJTJGcyUyRmZpbGVzJTJGMSUyRjI5OTIlMkY3MzQ0JTJGZmlsZXMlMkZpbWFnZS1icmV3dGlwc18wMDAzX2ZyZW5jaHByZXNzX3RodW1iXzFhODViYjU4LTRmYjQtNGJjZC1iNzI2LWUwMTgwMTAxNGFjYl8xMjgweDEyODAucG5nJTNGdiUzRDE2MTM1NzQ2NDElMjIlM0UlM0MlMkZkaXYlM0UlMEElM0NkaXYlMjBjbGFzcyUzRCUyMnRpcF8lMjIlMjBzdHlsZSUzRCUyMmJhY2tncm91bmQtaW1hZ2UlM0ElMjB1cmwlMjglMjdodHRwcyUzQSUyRiUyRmNhZmVhbmRpbm8uZXMlMkZ3cC1jb250ZW50JTJGdXBsb2FkcyUyRjIwMjIlMkYxMCUyRmljZWQtY29mZmVlLmpwZyUyNyUyOSUyMiUzRSUzQ2ElMjBocmVmJTNEJTIyaHR0cHMlM0ElMkYlMkZjYWZlYW5kaW5vLmVzJTJGZW4lMkZjb2xkLWJyZXctaG93LXRvLXByZXBhcmUlMkYlMjIlMjBjbGFzcyUzRCUyMmJnXyUyMiUzRSUzQ3NwYW4lM0VDT0xEJTIwQlJFVyUzQyUyRnNwYW4lM0UlM0MlMkZhJTNFJTNDaW1nJTIwc3JjJTNEJTIyJTJGJTJGY2RuLnNob3BpZnkuY29tJTJGcyUyRmZpbGVzJTJGMSUyRjI5OTIlMkY3MzQ0JTJGZmlsZXMlMkZpbWFnZS1icmV3dGlwc18wMDAzX2ZyZW5jaHByZXNzX3RodW1iXzFhODViYjU4LTRmYjQtNGJjZC1iNzI2LWUwMTgwMTAxNGFjYl8xMjgweDEyODAucG5nJTNGdiUzRDE2MTM1NzQ2NDElMjIlM0UlM0MlMkZkaXYlM0UlMEElM0NkaXYlMjBjbGFzcyUzRCUyMnRpcF8lMjIlMjBzdHlsZSUzRCUyMmJhY2tncm91bmQtaW1hZ2UlM0ElMjB1cmwlMjglMjdodHRwcyUzQSUyRiUyRmNhZmVhbmRpbm8uZXMlMkZ3cC1jb250ZW50JTJGdXBsb2FkcyUyRjIwMjIlMkYxMCUyRmVzcHJlc3NvLW1pbi5qcGclMjclMjklMjIlM0UlM0NhJTIwaHJlZiUzRCUyMmh0dHBzJTNBJTJGJTJGY2FmZWFuZGluby5lcyUyRmVuJTJGZXNwcmVzc28taG93LXRvLXByZXBhcmUlMkYlMjIlMjBjbGFzcyUzRCUyMmJnXyUyMiUzRSUzQ3NwYW4lM0VFU1BSRVNTTyUzQyUyRnNwYW4lM0UlM0MlMkZhJTNFJTNDaW1nJTIwc3JjJTNEJTIyJTJGJTJGY2RuLnNob3BpZnkuY29tJTJGcyUyRmZpbGVzJTJGMSUyRjI5OTIlMkY3MzQ0JTJGZmlsZXMlMkZpbWFnZS1icmV3dGlwc18wMDAzX2ZyZW5jaHByZXNzX3RodW1iXzFhODViYjU4LTRmYjQtNGJjZC1iNzI2LWUwMTgwMTAxNGFjYl8xMjgweDEyODAucG5nJTNGdiUzRDE2MTM1NzQ2NDElMjIlM0UlM0MlMkZkaXYlM0UlMEElM0MlMkZkaXYlM0U=[\/vc_raw_html][\/vc_column][\/vc_row]<\/p>\n<\/div>","protected":false},"excerpt":{"rendered":"<p>[vc_row el_id=&#8221;tips&#8221; mobile_bg_img_hidden=&#8221;no&#8221; tablet_bg_img_hidden=&#8221;no&#8221; woodmart_parallax=&#8221;0&#8243; woodmart_gradient_switch=&#8221;no&#8221; row_reverse_mobile=&#8221;0&#8243; row_reverse_tablet=&#8221;0&#8243; woodmart_disable_overflow=&#8221;0&#8243;][vc_column][vc_single_image image=&#8221;4016&#8243; img_size=&#8221;full&#8221; alignment=&#8221;center&#8221; parallax_scroll=&#8221;no&#8221; el_class=&#8221;img_p&#8221;][vc_raw_html]JTNDZGl2JTIwY2xhc3MlM0QlMjJ0aXBzXyUyMiUzRSUwQSUzQ2RpdiUyMGNsYXNzJTNEJTIydGlwXyUyMiUyMHN0eWxlJTNEJTIyYmFja2dyb3VuZC1pbWFnZSUzQSUyMHVybCUyOCUyN2h0dHBzJTNBJTJGJTJGY2FmZWFuZGluby5lcyUyRndwLWNvbnRlbnQlMkZ1cGxvYWRzJTJGMjAyMiUyRjEwJTJGSU1HXzExMTctbWluLmpwZyUyNyUyOSUyMiUzRSUzQ2ElMjBocmVmJTNEJTIyaHR0cHMlM0ElMkYlMkZjYWZlYW5kaW5vLmVzJTJGZW4lMkZmcmVuY2gtcHJlc3MtaG93LXRvLXByZXBhcmUlMkYlMjIlMjBjbGFzcyUzRCUyMmJnXyUyMiUzRSUzQ3NwYW4lM0VGUkVOQ0glMjBQUkVTUyUzQyUyRnNwYW4lM0UlM0MlMkZhJTNFJTNDaW1nJTIwc3JjJTNEJTIyJTJGJTJGY2RuLnNob3BpZnkuY29tJTJGcyUyRmZpbGVzJTJGMSUyRjI5OTIlMkY3MzQ0JTJGZmlsZXMlMkZpbWFnZS1icmV3dGlwc18wMDAzX2ZyZW5jaHByZXNzX3RodW1iXzFhODViYjU4LTRmYjQtNGJjZC1iNzI2LWUwMTgwMTAxNGFjYl8xMjgweDEyODAucG5nJTNGdiUzRDE2MTM1NzQ2NDElMjIlM0UlM0MlMkZkaXYlM0UlMEElM0NkaXYlMjBjbGFzcyUzRCUyMnRpcF8lMjIlMjBzdHlsZSUzRCUyMmJhY2tncm91bmQtaW1hZ2UlM0ElMjB1cmwlMjglMjdodHRwcyUzQSUyRiUyRmNhZmVhbmRpbm8uZXMlMkZ3cC1jb250ZW50JTJGdXBsb2FkcyUyRjIwMjIlMkYxMCUyRklNR18xMTIzLmpwZyUyNyUyOSUyMiUzRSUzQ2ElMjBocmVmJTNEJTIyaHR0cHMlM0ElMkYlMkZjYWZlYW5kaW5vLmVzJTJGZW4lMkZkcmlwLXBhcGVyLWZpbHRlci1ob3ctdG8tcHJlcGFyZSUyRiUyMiUyMGNsYXNzJTNEJTIyYmdfJTIyJTNFJTNDc3BhbiUzRURSSVAlMjAlMjhQQVBFUiUyMEZJTFRFUiUyOSUzQyUyRnNwYW4lM0UlM0MlMkZhJTNFJTNDaW1nJTIwc3JjJTNEJTIyJTJGJTJGY2RuLnNob3BpZnkuY29tJTJGcyUyRmZpbGVzJTJGMSUyRjI5OTIlMkY3MzQ0JTJGZmlsZXMlMkZpbWFnZS1icmV3dGlwc18wMDAzX2ZyZW5jaHByZXNzX3RodW1iXzFhODViYjU4LTRmYjQtNGJjZC1iNzI2LWUwMTgwMTAxNGFjYl8xMjgweDEyODAucG5nJTNGdiUzRDE2MTM1NzQ2NDElMjIlM0UlM0MlMkZkaXYlM0UlMEElM0NkaXYlMjBjbGFzcyUzRCUyMnRpcF8lMjIlMjBzdHlsZSUzRCUyMmJhY2tncm91bmQtaW1hZ2UlM0ElMjB1cmwlMjglMjdodHRwcyUzQSUyRiUyRmNhZmVhbmRpbm8uZXMlMkZ3cC1jb250ZW50JTJGdXBsb2FkcyUyRjIwMjIlMkYxMCUyRklNR18xMjA5LmpwZyUyNyUyOSUyMiUzRSUzQ2ElMjBocmVmJTNEJTIyaHR0cHMlM0ElMkYlMkZjYWZlYW5kaW5vLmVzJTJGZW4lMkZtb2thLWNvZmZlZS1ob3ctdG8tcHJlcGFyZSUyRiUyMiUyMGNsYXNzJTNEJTIyYmdfJTIyJTNFJTNDc3BhbiUzRU1PS0ElMjBDT0ZGRUUlMjBNQUtFUiUzQyUyRnNwYW4lM0UlM0MlMkZhJTNFJTNDaW1nJTIwc3JjJTNEJTIyJTJGJTJGY2RuLnNob3BpZnkuY29tJTJGcyUyRmZpbGVzJTJGMSUyRjI5OTIlMkY3MzQ0JTJGZmlsZXMlMkZpbWFnZS1icmV3dGlwc18wMDAzX2ZyZW5jaHByZXNzX3RodW1iXzFhODViYjU4LTRmYjQtNGJjZC1iNzI2LWUwMTgwMTAxNGFjYl8xMjgweDEyODAucG5nJTNGdiUzRDE2MTM1NzQ2NDElMjIlM0UlM0MlMkZkaXYlM0UlMEElM0NkaXYlMjBjbGFzcyUzRCUyMnRpcF8lMjIlMjBzdHlsZSUzRCUyMmJhY2tncm91bmQtaW1hZ2UlM0ElMjB1cmwlMjglMjdodHRwcyUzQSUyRiUyRmNhZmVhbmRpbm8uZXMlMkZ3cC1jb250ZW50JTJGdXBsb2FkcyUyRjIwMjIlMkYxMCUyRmljZWQtY29mZmVlLmpwZyUyNyUyOSUyMiUzRSUzQ2ElMjBocmVmJTNEJTIyaHR0cHMlM0ElMkYlMkZjYWZlYW5kaW5vLmVzJTJGZW4lMkZjb2xkLWJyZXctaG93LXRvLXByZXBhcmUlMkYlMjIlMjBjbGFzcyUzRCUyMmJnXyUyMiUzRSUzQ3NwYW4lM0VDT0xEJTIwQlJFVyUzQyUyRnNwYW4lM0UlM0MlMkZhJTNFJTNDaW1nJTIwc3JjJTNEJTIyJTJGJTJGY2RuLnNob3BpZnkuY29tJTJGcyUyRmZpbGVzJTJGMSUyRjI5OTIlMkY3MzQ0JTJGZmlsZXMlMkZpbWFnZS1icmV3dGlwc18wMDAzX2ZyZW5jaHByZXNzX3RodW1iXzFhODViYjU4LTRmYjQtNGJjZC1iNzI2LWUwMTgwMTAxNGFjYl8xMjgweDEyODAucG5nJTNGdiUzRDE2MTM1NzQ2NDElMjIlM0UlM0MlMkZkaXYlM0UlMEElM0NkaXYlMjBjbGFzcyUzRCUyMnRpcF8lMjIlMjBzdHlsZSUzRCUyMmJhY2tncm91bmQtaW1hZ2UlM0ElMjB1cmwlMjglMjdodHRwcyUzQSUyRiUyRmNhZmVhbmRpbm8uZXMlMkZ3cC1jb250ZW50JTJGdXBsb2FkcyUyRjIwMjIlMkYxMCUyRmVzcHJlc3NvLW1pbi5qcGclMjclMjklMjIlM0UlM0NhJTIwaHJlZiUzRCUyMmh0dHBzJTNBJTJGJTJGY2FmZWFuZGluby5lcyUyRmVuJTJGZXNwcmVzc28taG93LXRvLXByZXBhcmUlMkYlMjIlMjBjbGFzcyUzRCUyMmJnXyUyMiUzRSUzQ3NwYW4lM0VFU1BSRVNTTyUzQyUyRnNwYW4lM0UlM0MlMkZhJTNFJTNDaW1nJTIwc3JjJTNEJTIyJTJGJTJGY2RuLnNob3BpZnkuY29tJTJGcyUyRmZpbGVzJTJGMSUyRjI5OTIlMkY3MzQ0JTJGZmlsZXMlMkZpbWFnZS1icmV3dGlwc18wMDAzX2ZyZW5jaHByZXNzX3RodW1iXzFhODViYjU4LTRmYjQtNGJjZC1iNzI2LWUwMTgwMTAxNGFjYl8xMjgweDEyODAucG5nJTNGdiUzRDE2MTM1NzQ2NDElMjIlM0UlM0MlMkZkaXYlM0UlMEElM0MlMkZkaXYlM0U=[\/vc_raw_html][\/vc_column][\/vc_row]<\/p>\n","protected":false},"author":1,"featured_media":0,"parent":0,"menu_order":0,"comment_status":"closed","ping_status":"closed","template":"","meta":{"_joinchat":[],"footnotes":""},"class_list":["post-6283","page","type-page","status-publish","hentry"],"yoast_head":"<!-- This site is optimized with the Yoast SEO plugin v27.3 - https:\/\/yoast.com\/product\/yoast-seo-wordpress\/ -->\n<title>Caf\u00e9 Andino | Your 100% Colombian coffee<\/title>\n<meta name=\"description\" content=\"We offer you the best 100% Colombian coffee so that your palate can be delighted with a traditional flavor \u27a4\u27a4 Supreme, organic and decaffeinated\" \/>\n<meta name=\"robots\" content=\"index, follow, max-snippet:-1, max-image-preview:large, max-video-preview:-1\" \/>\n<link rel=\"canonical\" href=\"https:\/\/cafeandino.es\/en\/tips\/\" \/>\n<meta property=\"og:locale\" content=\"en_US\" \/>\n<meta property=\"og:type\" content=\"article\" \/>\n<meta property=\"og:title\" content=\"Caf\u00e9 Andino | Your 100% Colombian coffee\" \/>\n<meta property=\"og:description\" content=\"We offer you the best 100% Colombian coffee so that your palate can be delighted with a traditional flavor \u27a4\u27a4 Supreme, organic and decaffeinated\" \/>\n<meta property=\"og:url\" content=\"https:\/\/cafeandino.es\/en\/tips\/\" \/>\n<meta property=\"og:site_name\" content=\"Caf\u00e9 Andino\" \/>\n<meta property=\"article:publisher\" content=\"https:\/\/www.facebook.com\/Cafe-Andino-Spain-106308951100142\" \/>\n<meta property=\"article:modified_time\" content=\"2023-04-12T19:02:52+00:00\" \/>\n<meta name=\"twitter:card\" content=\"summary_large_image\" \/>\n<meta name=\"twitter:label1\" content=\"Est. reading time\" \/>\n\t<meta name=\"twitter:data1\" content=\"1 minute\" \/>\n<script type=\"application\/ld+json\" class=\"yoast-schema-graph\">{\"@context\":\"https:\\\/\\\/schema.org\",\"@graph\":[{\"@type\":\"WebPage\",\"@id\":\"https:\\\/\\\/cafeandino.es\\\/en\\\/tips\\\/\",\"url\":\"https:\\\/\\\/cafeandino.es\\\/en\\\/tips\\\/\",\"name\":\"Caf\u00e9 Andino | Your 100% Colombian coffee\",\"isPartOf\":{\"@id\":\"https:\\\/\\\/cafeandino.es\\\/#website\"},\"datePublished\":\"2022-10-07T12:53:32+00:00\",\"dateModified\":\"2023-04-12T19:02:52+00:00\",\"description\":\"We offer you the best 100% Colombian coffee so that your palate can be delighted with a traditional flavor \u27a4\u27a4 Supreme, organic and decaffeinated\",\"breadcrumb\":{\"@id\":\"https:\\\/\\\/cafeandino.es\\\/en\\\/tips\\\/#breadcrumb\"},\"inLanguage\":\"en-US\",\"potentialAction\":[{\"@type\":\"ReadAction\",\"target\":[\"https:\\\/\\\/cafeandino.es\\\/en\\\/tips\\\/\"]}]},{\"@type\":\"BreadcrumbList\",\"@id\":\"https:\\\/\\\/cafeandino.es\\\/en\\\/tips\\\/#breadcrumb\",\"itemListElement\":[{\"@type\":\"ListItem\",\"position\":1,\"name\":\"Portada\",\"item\":\"https:\\\/\\\/cafeandino.es\\\/en\\\/home\\\/\"},{\"@type\":\"ListItem\",\"position\":2,\"name\":\"Tips\"}]},{\"@type\":\"WebSite\",\"@id\":\"https:\\\/\\\/cafeandino.es\\\/#website\",\"url\":\"https:\\\/\\\/cafeandino.es\\\/\",\"name\":\"Caf\u00e9 Andino\",\"description\":\"Aut\u00e9ntico Caf\u00e9 de Colombia seleccionado para obtener el mejor caf\u00e9\",\"publisher\":{\"@id\":\"https:\\\/\\\/cafeandino.es\\\/#organization\"},\"potentialAction\":[{\"@type\":\"SearchAction\",\"target\":{\"@type\":\"EntryPoint\",\"urlTemplate\":\"https:\\\/\\\/cafeandino.es\\\/?s={search_term_string}\"},\"query-input\":{\"@type\":\"PropertyValueSpecification\",\"valueRequired\":true,\"valueName\":\"search_term_string\"}}],\"inLanguage\":\"en-US\"},{\"@type\":\"Organization\",\"@id\":\"https:\\\/\\\/cafeandino.es\\\/#organization\",\"name\":\"Caf\u00e9 Andino\",\"url\":\"https:\\\/\\\/cafeandino.es\\\/\",\"logo\":{\"@type\":\"ImageObject\",\"inLanguage\":\"en-US\",\"@id\":\"https:\\\/\\\/cafeandino.es\\\/#\\\/schema\\\/logo\\\/image\\\/\",\"url\":\"https:\\\/\\\/cafeandino.es\\\/wp-content\\\/uploads\\\/2021\\\/01\\\/LOGO-WEB-1.png\",\"contentUrl\":\"https:\\\/\\\/cafeandino.es\\\/wp-content\\\/uploads\\\/2021\\\/01\\\/LOGO-WEB-1.png\",\"width\":625,\"height\":208,\"caption\":\"Caf\u00e9 Andino\"},\"image\":{\"@id\":\"https:\\\/\\\/cafeandino.es\\\/#\\\/schema\\\/logo\\\/image\\\/\"},\"sameAs\":[\"https:\\\/\\\/www.facebook.com\\\/Cafe-Andino-Spain-106308951100142\",\"https:\\\/\\\/www.instagram.com\\\/cafeandinospain\\\/\"]}]}<\/script>\n<!-- \/ Yoast SEO plugin. -->","yoast_head_json":{"title":"Caf\u00e9 Andino | Your 100% Colombian coffee","description":"We offer you the best 100% Colombian coffee so that your palate can be delighted with a traditional flavor \u27a4\u27a4 Supreme, organic and decaffeinated","robots":{"index":"index","follow":"follow","max-snippet":"max-snippet:-1","max-image-preview":"max-image-preview:large","max-video-preview":"max-video-preview:-1"},"canonical":"https:\/\/cafeandino.es\/en\/tips\/","og_locale":"en_US","og_type":"article","og_title":"Caf\u00e9 Andino | Your 100% Colombian coffee","og_description":"We offer you the best 100% Colombian coffee so that your palate can be delighted with a traditional flavor \u27a4\u27a4 Supreme, organic and decaffeinated","og_url":"https:\/\/cafeandino.es\/en\/tips\/","og_site_name":"Caf\u00e9 Andino","article_publisher":"https:\/\/www.facebook.com\/Cafe-Andino-Spain-106308951100142","article_modified_time":"2023-04-12T19:02:52+00:00","twitter_card":"summary_large_image","twitter_misc":{"Est. reading time":"1 minute"},"schema":{"@context":"https:\/\/schema.org","@graph":[{"@type":"WebPage","@id":"https:\/\/cafeandino.es\/en\/tips\/","url":"https:\/\/cafeandino.es\/en\/tips\/","name":"Caf\u00e9 Andino | Your 100% Colombian coffee","isPartOf":{"@id":"https:\/\/cafeandino.es\/#website"},"datePublished":"2022-10-07T12:53:32+00:00","dateModified":"2023-04-12T19:02:52+00:00","description":"We offer you the best 100% Colombian coffee so that your palate can be delighted with a traditional flavor \u27a4\u27a4 Supreme, organic and decaffeinated","breadcrumb":{"@id":"https:\/\/cafeandino.es\/en\/tips\/#breadcrumb"},"inLanguage":"en-US","potentialAction":[{"@type":"ReadAction","target":["https:\/\/cafeandino.es\/en\/tips\/"]}]},{"@type":"BreadcrumbList","@id":"https:\/\/cafeandino.es\/en\/tips\/#breadcrumb","itemListElement":[{"@type":"ListItem","position":1,"name":"Portada","item":"https:\/\/cafeandino.es\/en\/home\/"},{"@type":"ListItem","position":2,"name":"Tips"}]},{"@type":"WebSite","@id":"https:\/\/cafeandino.es\/#website","url":"https:\/\/cafeandino.es\/","name":"Caf\u00e9 Andino","description":"Aut\u00e9ntico Caf\u00e9 de Colombia seleccionado para obtener el mejor caf\u00e9","publisher":{"@id":"https:\/\/cafeandino.es\/#organization"},"potentialAction":[{"@type":"SearchAction","target":{"@type":"EntryPoint","urlTemplate":"https:\/\/cafeandino.es\/?s={search_term_string}"},"query-input":{"@type":"PropertyValueSpecification","valueRequired":true,"valueName":"search_term_string"}}],"inLanguage":"en-US"},{"@type":"Organization","@id":"https:\/\/cafeandino.es\/#organization","name":"Caf\u00e9 Andino","url":"https:\/\/cafeandino.es\/","logo":{"@type":"ImageObject","inLanguage":"en-US","@id":"https:\/\/cafeandino.es\/#\/schema\/logo\/image\/","url":"https:\/\/cafeandino.es\/wp-content\/uploads\/2021\/01\/LOGO-WEB-1.png","contentUrl":"https:\/\/cafeandino.es\/wp-content\/uploads\/2021\/01\/LOGO-WEB-1.png","width":625,"height":208,"caption":"Caf\u00e9 Andino"},"image":{"@id":"https:\/\/cafeandino.es\/#\/schema\/logo\/image\/"},"sameAs":["https:\/\/www.facebook.com\/Cafe-Andino-Spain-106308951100142","https:\/\/www.instagram.com\/cafeandinospain\/"]}]}},"_links":{"self":[{"href":"https:\/\/cafeandino.es\/en\/wp-json\/wp\/v2\/pages\/6283","targetHints":{"allow":["GET"]}}],"collection":[{"href":"https:\/\/cafeandino.es\/en\/wp-json\/wp\/v2\/pages"}],"about":[{"href":"https:\/\/cafeandino.es\/en\/wp-json\/wp\/v2\/types\/page"}],"author":[{"embeddable":true,"href":"https:\/\/cafeandino.es\/en\/wp-json\/wp\/v2\/users\/1"}],"replies":[{"embeddable":true,"href":"https:\/\/cafeandino.es\/en\/wp-json\/wp\/v2\/comments?post=6283"}],"version-history":[{"count":5,"href":"https:\/\/cafeandino.es\/en\/wp-json\/wp\/v2\/pages\/6283\/revisions"}],"predecessor-version":[{"id":6286,"href":"https:\/\/cafeandino.es\/en\/wp-json\/wp\/v2\/pages\/6283\/revisions\/6286"}],"wp:attachment":[{"href":"https:\/\/cafeandino.es\/en\/wp-json\/wp\/v2\/media?parent=6283"}],"curies":[{"name":"wp","href":"https:\/\/api.w.org\/{rel}","templated":true}]}}